{"id":197,"date":"2020-07-07T20:32:34","date_gmt":"2020-07-07T18:32:34","guid":{"rendered":"http:\/\/home.onwheels.de\/?page_id=197"},"modified":"2020-07-09T19:36:20","modified_gmt":"2020-07-09T17:36:20","slug":"schienenbus","status":"publish","type":"page","link":"https:\/\/home.onwheels.de\/?page_id=197","title":{"rendered":"Schienenbus"},"content":{"rendered":"<p style=\"text-align: justify;\">1950 lieferte die Waggonfabrik Uerdingen die Vorserienfahrzeuge VT 95 901 &#8211; 911 mit nur 4,5 Meter Achsstand. Ein Versuchsmuster mit sechs Meter Achsstand (VT 95 912) \u00fcberzeugte wegen des besseren Platzangebotes und zwei Einstiegst\u00fcren je Seite. Die Serienfertigung mit zwei Einstiegst\u00fcren und sechs Meter Achsstand begann 1952 und wurde von der Waggonfabrik Uerdingen und MAN ausgef\u00fchrt.<br \/>1953 folgten dann die Prototypen mit 2 Motoren und der \u00fcblichen Zug- und Sto\u00dfeinrichtung (Puffern und Schraubenkupplung). Diese Fahrzeuge erhielten die Bezeichnung VT 98. Da die zweimotorigen Fahrzeuge ein besseres Fahrverhalten auswiesen, wurde die Serienfertigung 1955 von der Waggonfabrik Uerdingen, MAN und Waggon- und Maschinenfabrik Donauw\u00f6rth (WMD) aufgenommen.<br \/>F\u00fcr den VT 98 wurden ebenfalls Beiwagen und auch Steuerwagen mit den langen Achsstand von 6 m gebaut und VB 98 bzw. VS 98 bezeichnet.<br \/>Die drei Dorstener Fahrzeuge &#8211; zwei Motorwagen, ein Steuerwagen &#8211; geh\u00f6ren zu dieser Bauserie und stammen aus den Jahren 1959 bis 1961.<br \/>Heute sind bei der Deutschen Bahn AG alle &#8222;Uerdinger&#8220; Schienenbusse au\u00dfer Dienst. Die letzten Planfahrten fanden 1980 (VT 95) und 2000 (VT 98) statt.<br \/>Die Dorstener Fahrzeuge werden seit \u00fcber 25 Jahren f\u00fcr Nostalgiefahrten rund um Dorsten genutzt und halten so die Erinnerung an Eisenbahnfahrten aufrecht erhalten, die jahrzehntelang f\u00fcr viele Menschen Alltag waren.<br \/>Mit ihrem Alter von nunmehr 60 Jahren entsprechen die Fahrzeuge bei weitem nicht dem heute \u00fcblichen Standard moderner Schienenfahrzeuge. Sie stehen f\u00fcr eine besondere Epoche der Eisenbahngeschichte, weil sie in den 50er und 60er Jahren als \u201eRetter der Nebenbahnen\u201c galten. Sie erm\u00f6glichten es, den teuren und personalintensiven Betrieb mit Dampflokomotiven zu ersetzen. Kulturhistorisch repr\u00e4sentieren sie eine neue Phase der Personenbef\u00f6rderung auf Schienen. Die museale Erhaltung gibt den Fahrg\u00e4sten einen lebendigen Eindruck aus der Eisenbahngeschichte und zeigt eindrucksvoll den Unterschied zur heutigen Eisenbahn.<br \/>Die Dorstener Fahrzeuge befinden sich in Privatbesitz und werden in vielf\u00e4ltiger Weise der \u00d6ffentlichkeit zug\u00e4nglich gemacht:<br \/>Die Eisenbahnfreunde OnWheels e.V. verf\u00fcgen \u00fcber ein Nutzungsrecht und bieten regelm\u00e4\u00dfige Sonderfahrten mit dem Schienenbus an. Sie kooperieren dabei mit der Stadtinfo Dorsten. Ein Ausflugsprogramm f\u00fcr das Jahr 2021 ist in Vorbereitung.<br \/>Zu besonderen Anl\u00e4ssen (Stadtfeste, st\u00e4dtische Tourismusprojekte wie \u201eBahnLandLust\u201c, Bahnhofsfest, Veranstaltungen zum \u201eB\u00fcrgerbahnhof\u201c) wird der Schienenbus f\u00fcr \u00f6ffentliche Pendelfahrten auf stadteigenen Gleisen eingesetzt.<br \/>Private Nutzer k\u00f6nnen den Schienenbus f\u00fcr Ausfl\u00fcge, Feiern etc. chartern.<br \/>Besichtigungstermine k\u00f6nnen jederzeit vereinbart werden.<\/p>\n<p>Unser Schienenbus-Projekt wird unterst\u00fctzt durch:<\/p>\n<p><img loading=\"lazy\" decoding=\"async\" class=\"wp-image-318 aligncenter\" src=\"http:\/\/home.onwheels.de\/wp-content\/uploads\/2020\/07\/NRW_MHKBG_Farbig_RGB-300x55.png\" alt=\"\" width=\"578\" height=\"106\" srcset=\"https:\/\/home.onwheels.de\/wp-content\/uploads\/2020\/07\/NRW_MHKBG_Farbig_RGB-300x55.png 300w, https:\/\/home.onwheels.de\/wp-content\/uploads\/2020\/07\/NRW_MHKBG_Farbig_RGB-1024x188.png 1024w, https:\/\/home.onwheels.de\/wp-content\/uploads\/2020\/07\/NRW_MHKBG_Farbig_RGB-768x141.png 768w, https:\/\/home.onwheels.de\/wp-content\/uploads\/2020\/07\/NRW_MHKBG_Farbig_RGB-1536x282.png 1536w, https:\/\/home.onwheels.de\/wp-content\/uploads\/2020\/07\/NRW_MHKBG_Farbig_RGB-2048x376.png 2048w, https:\/\/home.onwheels.de\/wp-content\/uploads\/2020\/07\/NRW_MHKBG_Farbig_RGB-600x110.png 600w\" sizes=\"auto, (max-width: 578px) 100vw, 578px\" \/><\/p>\n\n\n<p><\/p>\n","protected":false},"excerpt":{"rendered":"<p>1950 lieferte die Waggonfabrik Uerdingen die Vorserienfahrzeuge VT 95 901 &#8211; 911 mit nur 4,5 Meter Achsstand. Ein Versuchsmuster mit sechs Meter Achsstand (VT 95 912) \u00fcberzeugte wegen des besseren Platzangebotes und zwei Einstiegst\u00fcren je Seite. Die Serienfertigung mit zwei&hellip; <\/p>\n","protected":false},"author":1,"featured_media":0,"parent":155,"menu_order":4,"comment_status":"closed","ping_status":"closed","template":"","meta":{"footnotes":""},"class_list":["post-197","page","type-page","status-publish","hentry"],"_links":{"self":[{"href":"https:\/\/home.onwheels.de\/index.php?rest_route=\/wp\/v2\/pages\/197","targetHints":{"allow":["GET"]}}],"collection":[{"href":"https:\/\/home.onwheels.de\/index.php?rest_route=\/wp\/v2\/pages"}],"about":[{"href":"https:\/\/home.onwheels.de\/index.php?rest_route=\/wp\/v2\/types\/page"}],"author":[{"embeddable":true,"href":"https:\/\/home.onwheels.de\/index.php?rest_route=\/wp\/v2\/users\/1"}],"replies":[{"embeddable":true,"href":"https:\/\/home.onwheels.de\/index.php?rest_route=%2Fwp%2Fv2%2Fcomments&post=197"}],"version-history":[{"count":7,"href":"https:\/\/home.onwheels.de\/index.php?rest_route=\/wp\/v2\/pages\/197\/revisions"}],"predecessor-version":[{"id":322,"href":"https:\/\/home.onwheels.de\/index.php?rest_route=\/wp\/v2\/pages\/197\/revisions\/322"}],"up":[{"embeddable":true,"href":"https:\/\/home.onwheels.de\/index.php?rest_route=\/wp\/v2\/pages\/155"}],"wp:attachment":[{"href":"https:\/\/home.onwheels.de\/index.php?rest_route=%2Fwp%2Fv2%2Fmedia&parent=197"}],"curies":[{"name":"wp","href":"https:\/\/api.w.org\/{rel}","templated":true}]}}