{"id":2,"date":"2016-05-10T03:48:21","date_gmt":"2016-05-10T03:48:21","guid":{"rendered":"http:\/\/home.onwheels.de\/?page_id=2"},"modified":"2024-01-23T18:00:01","modified_gmt":"2024-01-23T16:00:01","slug":"sample-page","status":"publish","type":"page","link":"https:\/\/home.onwheels.de\/","title":{"rendered":"Herzlich Willkommen"},"content":{"rendered":"<p>Liebe Eisenbahnfreundinnen, liebe Eisenbahnfreunde,<\/p>\n<p>herzlich willkommen auf der Homepage der Eisenbahnfreunde OnWheels e.V..\u00a0<\/p>\n<p style=\"text-align: justify;\">Vor \u00fcber 30 Jahren, im Mai 1991, fuhr der erste Dampfzug der Initiative Nostalgiefahrten, aus der sp\u00e4ter &#8222;OnWheels&#8220; wurde, von Dorsten nach Bad Bentheim. Seitdem fanden in jedem Jahr mehrere Fahrten mit historischen Fahrzeugen statt. Nach langer Corona-bedingter Pause finden nun wieder Veranstaltungen mit gr\u00f6\u00dferen Gruppen statt und Sonderz\u00fcge fahren wieder.<\/p>\n<p>Freuen Sie sich mit uns auf unser zuk\u00fcnftiges Programm:<\/p>\n<ul>\n<li>Ausfl\u00fcge mit dem historischen Schienenbus in die n\u00e4here Umgebung<\/li>\n<li>Tagesfahrten mit Sonderz\u00fcgen zu interessanten Zielen<\/li>\n<li>Gruppenfahrten \u00fcber mehrere Tage zu einzigartigen Bahnen in Deutschland und Nachbarl\u00e4ndern<\/li>\n<li>Events rund um die Restaurierung des historischen Dorstener Bahnhofs<\/li>\n<li>Veranstaltungen und Ver\u00f6ffentlichungen zu Themen rund um die Eisenbahn<\/li>\n<\/ul>\n<p>Ihre Eisenbahnfreunde OnWheels e.V.<\/p>\n\n","protected":false},"excerpt":{"rendered":"<p>Liebe Eisenbahnfreundinnen, liebe Eisenbahnfreunde, herzlich willkommen auf der Homepage der Eisenbahnfreunde OnWheels e.V..\u00a0 Vor \u00fcber 30 Jahren, im Mai 1991, fuhr der erste Dampfzug der Initiative Nostalgiefahrten, aus der sp\u00e4ter &#8222;OnWheels&#8220; wurde, von Dorsten nach Bad Bentheim. Seitdem fanden in&hellip; <\/p>\n","protected":false},"author":2,"featured_media":332,"parent":0,"menu_order":0,"comment_status":"closed","ping_status":"open","template":"","meta":{"footnotes":""},"class_list":["post-2","page","type-page","status-publish","has-post-thumbnail","hentry"],"_links":{"self":[{"href":"https:\/\/home.onwheels.de\/index.php?rest_route=\/wp\/v2\/pages\/2","targetHints":{"allow":["GET"]}}],"collection":[{"href":"https:\/\/home.onwheels.de\/index.php?rest_route=\/wp\/v2\/pages"}],"about":[{"href":"https:\/\/home.onwheels.de\/index.php?rest_route=\/wp\/v2\/types\/page"}],"author":[{"embeddable":true,"href":"https:\/\/home.onwheels.de\/index.php?rest_route=\/wp\/v2\/users\/2"}],"replies":[{"embeddable":true,"href":"https:\/\/home.onwheels.de\/index.php?rest_route=%2Fwp%2Fv2%2Fcomments&post=2"}],"version-history":[{"count":24,"href":"https:\/\/home.onwheels.de\/index.php?rest_route=\/wp\/v2\/pages\/2\/revisions"}],"predecessor-version":[{"id":1194,"href":"https:\/\/home.onwheels.de\/index.php?rest_route=\/wp\/v2\/pages\/2\/revisions\/1194"}],"wp:featuredmedia":[{"embeddable":true,"href":"https:\/\/home.onwheels.de\/index.php?rest_route=\/wp\/v2\/media\/332"}],"wp:attachment":[{"href":"https:\/\/home.onwheels.de\/index.php?rest_route=%2Fwp%2Fv2%2Fmedia&parent=2"}],"curies":[{"name":"wp","href":"https:\/\/api.w.org\/{rel}","templated":true}]}}