{"id":203,"date":"2020-07-07T20:58:40","date_gmt":"2020-07-07T18:58:40","guid":{"rendered":"http:\/\/home.onwheels.de\/?page_id=203"},"modified":"2026-03-16T22:15:48","modified_gmt":"2026-03-16T20:15:48","slug":"fahrten-mit-dem-schienenbus","status":"publish","type":"page","link":"https:\/\/home.onwheels.de\/?page_id=203","title":{"rendered":"Fahrten mit dem Schienenbus"},"content":{"rendered":"\n<h3 class=\"wp-block-heading\">Programm 2026<\/h3>\n\n\n\n<p>Sobald die Fahrten im Shop buchbar sind, finden sie dies unten auf der Seite.<\/p>\n\n\n\n<p><strong>Samstag, 25. April:<\/strong> Wir fahren mit dem Schienenbus ab Dorsten (ca. 11:15 Uhr) und Gladbeck West (ca. 11.30 Uhr) teilweise \u00fcber G\u00fctergleise zum Ruhrorter Hafen. Dort steht ein Ausflugschiff f\u00fcr uns bereit und wir befahren die Anlagen des gr\u00f6\u00dften europ\u00e4ischen Binnenhafens. Die R\u00fcckkehr in Dorsten erwarten wir gegen 17:30 Uhr.<\/p>\n\n\n\n<p><strong>Pfingstsamstag, 23. Mai: <\/strong>Fahrt zum Flachsmarkt in Krefeld-Linn. Der gemeinn\u00fctzige Verein \u201eArbeitsgemeinschaft Flachsmarkt e.V.\u201c verwandelt mit zahlreichen \u2013 gr\u00f6\u00dftenteils ehrenamtlichen \u2013 Helfern den Burgpark und den historischen Ortskern mit viel Aufwand in ein einzigartiges Ambiente f\u00fcr den traditionellen Handwerker- und Erlebnismarkt. Dorsten ab ca. 9:15 Uhr, Gladbeck West ab ca. 9.30 Uhr. Die R\u00fcckkehr in Dorsten erwarten wir gegen 17:30 Uhr.<\/p>\n\n\n\n<p><strong>Sonntag, 21. Juni: <\/strong>Wir fahren mit einem zweiteiligen Schienenbus bis Dortmund-Mengede und ein historischer Bus f\u00e4hrt uns zum Nahverkehrsmuseum Dortmund. Es finden F\u00fchrungen durch den Museumsfuhrpark und ein Fahrbetrieb mit historischen Stra\u00dfenbahnen \u00fcber die Museumsstrecke statt.<\/p>\n\n\n\n<p><strong>Samstag, 18. Juli: <\/strong>Unser Schienenbus bef\u00e4hrt die Osterfeld \u2013 Hammer G\u00fcterzugstrecke und bringt die Fahrg\u00e4ste direkt zum Maximilianpark Hamm mit seinem ber\u00fchmten Elefanten und tollen Wasserspielpl\u00e4tzen. Zustieg: Dorsten (ab ca. 10:15 Uhr), Gladbeck West, Herten.<\/p>\n\n\n\n<p><strong>Sonntag, 27. September: <\/strong>Feldbahnmuseum Schermbeck. Wir fahren mit einem historischen Bus nach Schermbeck zum Feldbahnmuseum, haben Gelegenheit zur Fahrt mit dem Feldbahnzug und fahren dann nach Dorsten, um mit dem Schienenbus zur Hafenbahn zu fahren.<\/p>\n\n\n\n<p><strong>Sonntag, 4. Oktober: <\/strong>Fahrt mit dem Schienenbus zur Ruhrtalbahn und ihren Sehensw\u00fcrdigkeiten: Ruine Hardenstein, Zeche Nachtigall, Gruben- und Feldbahnmuseum Zeche Theresia. Einzelheiten, Fahrzeiten und Fahrpreise werden noch erarbeitet.<\/p>\n\n\n\n<p>Die beliebten Nikolausfahrten \u00fcber die Dorstener Hafenbahn finden in diesem Jahr am <strong>6. Dezember (Sonntag) und 12. Dezember (Samstag) <\/strong>statt. An beiden Tagen werden je zwei Touren ab Bahnhof Dorsten, Gleis 1, angeboten. Von dort geht es in gem\u00e4chlicher Fahrt auf der Dorstener Hafenbahn am Flugplatz vorbei bis zum Kanal und zur\u00fcck. Man hat im Schienenbus einen sch\u00f6nen Rundumblick und kann dem Lokf\u00fchrer \u00fcber die Schulter schauen. Nat\u00fcrlich steigt der Nikolaus ein und bringt f\u00fcr alle Kinder eine Nikolaust\u00fcte mit. Die Ausfl\u00fcge dauern etwa 1,5 Stunden und starten um 14:30 Uhr und 16:30 Uhr<\/p>\n\n\n\n<p><strong>Samstag, 28. November:<\/strong> Gegen 12:30 Uhr fahren wir von Dorsten aus teilweise \u00fcber G\u00fcterzugstrecken zum Weihnachtsmarkt nach Hattingen, das wir gegen 14 Uhr erreichen. Die Altstadt ist mit einem Spaziergang (20 Minuten) erreichbar. Der Hattinger Weihnachtsmarkt erstreckt sich \u00fcber den Kirchplatz, das Alte Rathaus und das St. Georgs-Viertel im Herzen der romantischen Altstadt, wo handgefertigten Produkte, kulinarische K\u00f6stlichkeiten und traditionelle Weihnachtsartikel angeboten werden. Die R\u00fcckfahrt erfolgt gegen 17:30 Uhr.<\/p>\n\n\n\n<hr class=\"wp-block-separator aligncenter has-alpha-channel-opacity\"\/>\n\n\n<div data-block-name=\"woocommerce\/product-category\" data-categories=\"[47]\" data-columns=\"2\" data-content-visibility=\"{&quot;title&quot;:true,&quot;price&quot;:true,&quot;rating&quot;:false,&quot;button&quot;:true}\" data-rows=\"6\" class=\"wc-block-grid wp-block-product-category wp-block-woocommerce-product-category wc-block-product-category has-2-columns has-multiple-rows\"><ul class=\"wc-block-grid__products\"><li class=\"wc-block-grid__product\">\n\t\t\t\t<a href=\"https:\/\/home.onwheels.de\/?product=schienenbusfahrt-zum-flachsmarkt\" class=\"wc-block-grid__product-link\">\n\t\t\t\t\t\n\t\t\t\t\t<div class=\"wc-block-grid__product-image\"><img loading=\"lazy\" decoding=\"async\" width=\"300\" height=\"300\" src=\"https:\/\/home.onwheels.de\/wp-content\/uploads\/2025\/09\/DerNikolauserwartetdenSchienenbus.FotoSebastianTodt-1-300x300.jpg\" class=\"attachment-woocommerce_thumbnail size-woocommerce_thumbnail\" alt=\"Schienenbusfahrt zum Flachsmarkt\" srcset=\"https:\/\/home.onwheels.de\/wp-content\/uploads\/2025\/09\/DerNikolauserwartetdenSchienenbus.FotoSebastianTodt-1-300x300.jpg 300w, https:\/\/home.onwheels.de\/wp-content\/uploads\/2025\/09\/DerNikolauserwartetdenSchienenbus.FotoSebastianTodt-1-230x230.jpg 230w, https:\/\/home.onwheels.de\/wp-content\/uploads\/2025\/09\/DerNikolauserwartetdenSchienenbus.FotoSebastianTodt-1-100x100.jpg 100w\" sizes=\"auto, (max-width: 300px) 100vw, 300px\"><\/div>\n\t\t\t\t\t<div class=\"wc-block-grid__product-title\">Schienenbusfahrt zum Flachsmarkt<\/div>\n\t\t\t\t<\/a>\n\t\t\t\t<div class=\"wc-block-grid__product-price price\"><span class=\"woocommerce-Price-amount amount\"><span class=\"woocommerce-Price-currencySymbol\">&euro;<\/span>&nbsp;30,00<\/span> &ndash; <span class=\"woocommerce-Price-amount amount\"><span class=\"woocommerce-Price-currencySymbol\">&euro;<\/span>&nbsp;64,00<\/span><\/div><p class=\"wc-gzd-additional-info wc-gzd-additional-info-loop small-business-info\">Kein Mehrwertsteuerausweis, da Kleinunternehmer nach &sect;19 (1) UStG.<\/p><p class=\"wc-gzd-additional-info delivery-time-info wc-gzd-additional-info-loop\"><span class=\"delivery-time-inner delivery-time-ticketversand-per-email-in-der-woche-der-fahrt\">Lieferzeit: <span class=\"delivery-time-data\">Ticketversand (Per Email in der Woche der Fahrt)<\/span><\/span><\/p>\n\t\t\t\t\n\t\t\t\t<div class=\"wp-block-button wc-block-grid__product-add-to-cart\"><a href=\"https:\/\/home.onwheels.de\/?product=schienenbusfahrt-zum-flachsmarkt\" aria-label=\"W&auml;hle Optionen f&uuml;r &bdquo;Schienenbusfahrt zum Flachsmarkt&ldquo;\" data-quantity=\"1\" data-product_id=\"1852\" data-product_sku=\"SB-26-FM\" data-price=\"30\" rel=\"nofollow\" class=\"wp-block-button__link  add_to_cart_button\">Ausf&uuml;hrung w&auml;hlen<\/a><\/div>\n\t\t\t<\/li>\n<\/ul><\/div>\n\n\n<figure class=\"wp-block-image size-large\"><img loading=\"lazy\" decoding=\"async\" width=\"1024\" height=\"767\" src=\"https:\/\/home.onwheels.de\/wp-content\/uploads\/2020\/07\/104_0225-1-1024x767.jpg\" alt=\"\" class=\"wp-image-364\" srcset=\"https:\/\/home.onwheels.de\/wp-content\/uploads\/2020\/07\/104_0225-1-1024x767.jpg 1024w, https:\/\/home.onwheels.de\/wp-content\/uploads\/2020\/07\/104_0225-1-300x225.jpg 300w, https:\/\/home.onwheels.de\/wp-content\/uploads\/2020\/07\/104_0225-1-768x575.jpg 768w, https:\/\/home.onwheels.de\/wp-content\/uploads\/2020\/07\/104_0225-1-1536x1150.jpg 1536w, https:\/\/home.onwheels.de\/wp-content\/uploads\/2020\/07\/104_0225-1-2048x1533.jpg 2048w, https:\/\/home.onwheels.de\/wp-content\/uploads\/2020\/07\/104_0225-1-600x449.jpg 600w\" sizes=\"auto, (max-width: 1024px) 100vw, 1024px\" \/><\/figure>\n","protected":false},"excerpt":{"rendered":"<p>Programm 2026 Sobald die Fahrten im Shop buchbar sind, finden sie dies unten auf der Seite. Samstag, 25. April: Wir fahren mit dem Schienenbus ab Dorsten (ca. 11:15 Uhr) und Gladbeck West (ca. 11.30 Uhr) teilweise \u00fcber G\u00fctergleise zum Ruhrorter&hellip; <\/p>\n","protected":false},"author":1,"featured_media":0,"parent":132,"menu_order":2,"comment_status":"closed","ping_status":"closed","template":"","meta":{"footnotes":""},"class_list":["post-203","page","type-page","status-publish","hentry"],"_links":{"self":[{"href":"https:\/\/home.onwheels.de\/index.php?rest_route=\/wp\/v2\/pages\/203","targetHints":{"allow":["GET"]}}],"collection":[{"href":"https:\/\/home.onwheels.de\/index.php?rest_route=\/wp\/v2\/pages"}],"about":[{"href":"https:\/\/home.onwheels.de\/index.php?rest_route=\/wp\/v2\/types\/page"}],"author":[{"embeddable":true,"href":"https:\/\/home.onwheels.de\/index.php?rest_route=\/wp\/v2\/users\/1"}],"replies":[{"embeddable":true,"href":"https:\/\/home.onwheels.de\/index.php?rest_route=%2Fwp%2Fv2%2Fcomments&post=203"}],"version-history":[{"count":22,"href":"https:\/\/home.onwheels.de\/index.php?rest_route=\/wp\/v2\/pages\/203\/revisions"}],"predecessor-version":[{"id":1866,"href":"https:\/\/home.onwheels.de\/index.php?rest_route=\/wp\/v2\/pages\/203\/revisions\/1866"}],"up":[{"embeddable":true,"href":"https:\/\/home.onwheels.de\/index.php?rest_route=\/wp\/v2\/pages\/132"}],"wp:attachment":[{"href":"https:\/\/home.onwheels.de\/index.php?rest_route=%2Fwp%2Fv2%2Fmedia&parent=203"}],"curies":[{"name":"wp","href":"https:\/\/api.w.org\/{rel}","templated":true}]}}