{"id":245,"date":"2020-07-07T21:59:12","date_gmt":"2020-07-07T19:59:12","guid":{"rendered":"http:\/\/home.onwheels.de\/?page_id=245"},"modified":"2020-07-29T11:52:22","modified_gmt":"2020-07-29T09:52:22","slug":"england","status":"publish","type":"page","link":"https:\/\/home.onwheels.de\/?page_id=245","title":{"rendered":"England"},"content":{"rendered":"\n<p class=\"has-text-align-center\"><strong><em>7-t\u00e4gige Studienfahrt in die wondersch\u00f6nen Cotworlds<\/em><\/strong><br><strong><em><br>24.-30. Juli 2018<\/em><\/strong><\/p>\n\n\n\n<figure class=\"wp-block-gallery aligncenter columns-3 is-cropped wp-block-gallery-1 is-layout-flex wp-block-gallery-is-layout-flex\"><ul class=\"blocks-gallery-grid\"><li class=\"blocks-gallery-item\"><figure><img loading=\"lazy\" decoding=\"async\" width=\"400\" height=\"300\" src=\"http:\/\/home.onwheels.de\/wp-content\/uploads\/2020\/07\/Cots2.jpg\" alt=\"\" data-id=\"420\" data-full-url=\"http:\/\/home.onwheels.de\/wp-content\/uploads\/2020\/07\/Cots2.jpg\" data-link=\"http:\/\/home.onwheels.de\/?attachment_id=420\" class=\"wp-image-420\" srcset=\"https:\/\/home.onwheels.de\/wp-content\/uploads\/2020\/07\/Cots2.jpg 400w, https:\/\/home.onwheels.de\/wp-content\/uploads\/2020\/07\/Cots2-300x225.jpg 300w, https:\/\/home.onwheels.de\/wp-content\/uploads\/2020\/07\/Cots2-150x113.jpg 150w\" sizes=\"auto, (max-width: 400px) 100vw, 400px\" \/><\/figure><\/li><li class=\"blocks-gallery-item\"><figure><img loading=\"lazy\" decoding=\"async\" width=\"400\" height=\"266\" src=\"http:\/\/home.onwheels.de\/wp-content\/uploads\/2020\/07\/Cots8.jpg\" alt=\"\" data-id=\"426\" data-full-url=\"http:\/\/home.onwheels.de\/wp-content\/uploads\/2020\/07\/Cots8.jpg\" data-link=\"http:\/\/home.onwheels.de\/?attachment_id=426\" class=\"wp-image-426\" srcset=\"https:\/\/home.onwheels.de\/wp-content\/uploads\/2020\/07\/Cots8.jpg 400w, https:\/\/home.onwheels.de\/wp-content\/uploads\/2020\/07\/Cots8-300x200.jpg 300w, https:\/\/home.onwheels.de\/wp-content\/uploads\/2020\/07\/Cots8-150x100.jpg 150w\" sizes=\"auto, (max-width: 400px) 100vw, 400px\" \/><\/figure><\/li><li class=\"blocks-gallery-item\"><figure><img loading=\"lazy\" decoding=\"async\" width=\"400\" height=\"300\" src=\"http:\/\/home.onwheels.de\/wp-content\/uploads\/2020\/07\/Cots3.jpg\" alt=\"\" data-id=\"421\" data-full-url=\"http:\/\/home.onwheels.de\/wp-content\/uploads\/2020\/07\/Cots3.jpg\" data-link=\"http:\/\/home.onwheels.de\/?attachment_id=421\" class=\"wp-image-421\" srcset=\"https:\/\/home.onwheels.de\/wp-content\/uploads\/2020\/07\/Cots3.jpg 400w, https:\/\/home.onwheels.de\/wp-content\/uploads\/2020\/07\/Cots3-300x225.jpg 300w, https:\/\/home.onwheels.de\/wp-content\/uploads\/2020\/07\/Cots3-150x113.jpg 150w\" sizes=\"auto, (max-width: 400px) 100vw, 400px\" \/><\/figure><\/li><li class=\"blocks-gallery-item\"><figure><img loading=\"lazy\" decoding=\"async\" width=\"400\" height=\"266\" src=\"http:\/\/home.onwheels.de\/wp-content\/uploads\/2020\/07\/Cots5.jpg\" alt=\"\" data-id=\"423\" data-full-url=\"http:\/\/home.onwheels.de\/wp-content\/uploads\/2020\/07\/Cots5.jpg\" data-link=\"http:\/\/home.onwheels.de\/?attachment_id=423\" class=\"wp-image-423\" srcset=\"https:\/\/home.onwheels.de\/wp-content\/uploads\/2020\/07\/Cots5.jpg 400w, https:\/\/home.onwheels.de\/wp-content\/uploads\/2020\/07\/Cots5-300x200.jpg 300w, https:\/\/home.onwheels.de\/wp-content\/uploads\/2020\/07\/Cots5-150x100.jpg 150w\" sizes=\"auto, (max-width: 400px) 100vw, 400px\" \/><\/figure><\/li><li class=\"blocks-gallery-item\"><figure><img loading=\"lazy\" decoding=\"async\" width=\"399\" height=\"266\" src=\"http:\/\/home.onwheels.de\/wp-content\/uploads\/2020\/07\/Cots4.jpg\" alt=\"\" data-id=\"422\" data-full-url=\"http:\/\/home.onwheels.de\/wp-content\/uploads\/2020\/07\/Cots4.jpg\" data-link=\"http:\/\/home.onwheels.de\/?attachment_id=422\" class=\"wp-image-422\" srcset=\"https:\/\/home.onwheels.de\/wp-content\/uploads\/2020\/07\/Cots4.jpg 399w, https:\/\/home.onwheels.de\/wp-content\/uploads\/2020\/07\/Cots4-300x200.jpg 300w, https:\/\/home.onwheels.de\/wp-content\/uploads\/2020\/07\/Cots4-150x100.jpg 150w\" sizes=\"auto, (max-width: 399px) 100vw, 399px\" \/><\/figure><\/li><li class=\"blocks-gallery-item\"><figure><img loading=\"lazy\" decoding=\"async\" width=\"400\" height=\"265\" src=\"http:\/\/home.onwheels.de\/wp-content\/uploads\/2020\/07\/Cots9.jpg\" alt=\"\" data-id=\"427\" data-full-url=\"http:\/\/home.onwheels.de\/wp-content\/uploads\/2020\/07\/Cots9.jpg\" data-link=\"http:\/\/home.onwheels.de\/?attachment_id=427\" class=\"wp-image-427\" srcset=\"https:\/\/home.onwheels.de\/wp-content\/uploads\/2020\/07\/Cots9.jpg 400w, https:\/\/home.onwheels.de\/wp-content\/uploads\/2020\/07\/Cots9-300x199.jpg 300w, https:\/\/home.onwheels.de\/wp-content\/uploads\/2020\/07\/Cots9-150x99.jpg 150w\" sizes=\"auto, (max-width: 400px) 100vw, 400px\" \/><\/figure><\/li><li class=\"blocks-gallery-item\"><figure><img loading=\"lazy\" decoding=\"async\" width=\"400\" height=\"300\" src=\"http:\/\/home.onwheels.de\/wp-content\/uploads\/2020\/07\/Cots6.jpg\" alt=\"\" data-id=\"424\" data-full-url=\"http:\/\/home.onwheels.de\/wp-content\/uploads\/2020\/07\/Cots6.jpg\" data-link=\"http:\/\/home.onwheels.de\/?attachment_id=424\" class=\"wp-image-424\" srcset=\"https:\/\/home.onwheels.de\/wp-content\/uploads\/2020\/07\/Cots6.jpg 400w, https:\/\/home.onwheels.de\/wp-content\/uploads\/2020\/07\/Cots6-300x225.jpg 300w, https:\/\/home.onwheels.de\/wp-content\/uploads\/2020\/07\/Cots6-150x113.jpg 150w\" sizes=\"auto, (max-width: 400px) 100vw, 400px\" \/><\/figure><\/li><li class=\"blocks-gallery-item\"><figure><img loading=\"lazy\" decoding=\"async\" width=\"400\" height=\"265\" src=\"http:\/\/home.onwheels.de\/wp-content\/uploads\/2020\/07\/Cots7.jpg\" alt=\"\" data-id=\"425\" data-full-url=\"http:\/\/home.onwheels.de\/wp-content\/uploads\/2020\/07\/Cots7.jpg\" data-link=\"http:\/\/home.onwheels.de\/?attachment_id=425\" class=\"wp-image-425\" srcset=\"https:\/\/home.onwheels.de\/wp-content\/uploads\/2020\/07\/Cots7.jpg 400w, https:\/\/home.onwheels.de\/wp-content\/uploads\/2020\/07\/Cots7-300x199.jpg 300w, https:\/\/home.onwheels.de\/wp-content\/uploads\/2020\/07\/Cots7-150x99.jpg 150w\" sizes=\"auto, (max-width: 400px) 100vw, 400px\" \/><\/figure><\/li><li class=\"blocks-gallery-item\"><figure><img loading=\"lazy\" decoding=\"async\" width=\"400\" height=\"266\" src=\"http:\/\/home.onwheels.de\/wp-content\/uploads\/2020\/07\/Cots1.jpg\" alt=\"\" data-id=\"419\" data-full-url=\"http:\/\/home.onwheels.de\/wp-content\/uploads\/2020\/07\/Cots1.jpg\" data-link=\"http:\/\/home.onwheels.de\/?attachment_id=419\" class=\"wp-image-419\" srcset=\"https:\/\/home.onwheels.de\/wp-content\/uploads\/2020\/07\/Cots1.jpg 400w, https:\/\/home.onwheels.de\/wp-content\/uploads\/2020\/07\/Cots1-300x200.jpg 300w, https:\/\/home.onwheels.de\/wp-content\/uploads\/2020\/07\/Cots1-150x100.jpg 150w\" sizes=\"auto, (max-width: 400px) 100vw, 400px\" \/><\/figure><\/li><li class=\"blocks-gallery-item\"><figure><img loading=\"lazy\" decoding=\"async\" width=\"400\" height=\"266\" src=\"http:\/\/home.onwheels.de\/wp-content\/uploads\/2020\/07\/Cots10.jpg\" alt=\"\" data-id=\"428\" data-full-url=\"http:\/\/home.onwheels.de\/wp-content\/uploads\/2020\/07\/Cots10.jpg\" data-link=\"http:\/\/home.onwheels.de\/?attachment_id=428\" class=\"wp-image-428\" srcset=\"https:\/\/home.onwheels.de\/wp-content\/uploads\/2020\/07\/Cots10.jpg 400w, https:\/\/home.onwheels.de\/wp-content\/uploads\/2020\/07\/Cots10-300x200.jpg 300w, https:\/\/home.onwheels.de\/wp-content\/uploads\/2020\/07\/Cots10-150x100.jpg 150w\" sizes=\"auto, (max-width: 400px) 100vw, 400px\" \/><\/figure><\/li><\/ul><figcaption class=\"blocks-gallery-caption\"><em>Impressionen der Cotswolds<\/em><\/figcaption><\/figure>\n\n\n<p>\u00a0<\/p>\n<p style=\"text-align: justify;\"><b>Dienstag, 24. Juli<\/b><em><b><br \/><\/b><\/em>Anreise mit dem Bus und Hotelbezug in Gloucester<\/p>\n<p style=\"text-align: justify;\"><b>Mittwoch, 25. Juli<\/b><i><b><br \/>Ein Tag auf der GWSR<br \/><\/b><\/i><img loading=\"lazy\" decoding=\"async\" class=\"size-medium wp-image-433 alignleft\" src=\"http:\/\/home.onwheels.de\/wp-content\/uploads\/2020\/07\/Cots11-300x201.jpg\" alt=\"\" width=\"300\" height=\"201\" srcset=\"https:\/\/home.onwheels.de\/wp-content\/uploads\/2020\/07\/Cots11-300x201.jpg 300w, https:\/\/home.onwheels.de\/wp-content\/uploads\/2020\/07\/Cots11-150x100.jpg 150w, https:\/\/home.onwheels.de\/wp-content\/uploads\/2020\/07\/Cots11.jpg 399w\" sizes=\"auto, (max-width: 300px) 100vw, 300px\" \/>Mit dem Roverticket erkunden wir die Gloucestershire Warwickshire Railway; somit kann \u00fcberall ausgestiegen werden und jeder kann den Tag individuell gestalten. Die meisten erkunden die &#8222;Perle der Cotswolds&#8220; &#8211; Broadway. Einige machen sich auf die Wanderung zum Broadway Tower und werden mit einer grandiosen Aussicht belohnt.<\/p>\n<p style=\"text-align: justify;\"><b>Donnerstag, 26. Juli<\/b><i><b><br \/>Bath und <\/b><\/i><b><i>West Somerset Railway<br \/><\/i><\/b>Wir fahren mit dem Bus nach Bath, das bekannt ist f\u00fcr seine nat\u00fcrlichen Thermalquellen, r\u00f6mischen B\u00e4der und Architektur des 18. Jahrhunderts. F\u00fcr einige geht es weiter zur West Somerset Railway bei Taunton. Entlang der K\u00fcste fahren wir unter Dampf ins 37km entfernte Minehead. Die WSR ist die l\u00e4ngste Normalspur-Museums-Eisenbahn in England.<\/p>\n\n\n<figure class=\"wp-block-gallery columns-3 is-cropped wp-block-gallery-2 is-layout-flex wp-block-gallery-is-layout-flex\"><ul class=\"blocks-gallery-grid\"><li class=\"blocks-gallery-item\"><figure><img loading=\"lazy\" decoding=\"async\" width=\"400\" height=\"300\" src=\"https:\/\/home.onwheels.de\/wp-content\/uploads\/2020\/07\/WDR3.jpg\" alt=\"\" data-id=\"435\" data-full-url=\"https:\/\/home.onwheels.de\/wp-content\/uploads\/2020\/07\/WDR3.jpg\" data-link=\"https:\/\/home.onwheels.de\/?attachment_id=435\" class=\"wp-image-435\" srcset=\"https:\/\/home.onwheels.de\/wp-content\/uploads\/2020\/07\/WDR3.jpg 400w, https:\/\/home.onwheels.de\/wp-content\/uploads\/2020\/07\/WDR3-300x225.jpg 300w, https:\/\/home.onwheels.de\/wp-content\/uploads\/2020\/07\/WDR3-150x113.jpg 150w\" sizes=\"auto, (max-width: 400px) 100vw, 400px\" \/><\/figure><\/li><li class=\"blocks-gallery-item\"><figure><img loading=\"lazy\" decoding=\"async\" width=\"399\" height=\"266\" src=\"https:\/\/home.onwheels.de\/wp-content\/uploads\/2020\/07\/WSR1.jpg\" alt=\"\" data-id=\"436\" data-full-url=\"https:\/\/home.onwheels.de\/wp-content\/uploads\/2020\/07\/WSR1.jpg\" data-link=\"https:\/\/home.onwheels.de\/?attachment_id=436\" class=\"wp-image-436\" srcset=\"https:\/\/home.onwheels.de\/wp-content\/uploads\/2020\/07\/WSR1.jpg 399w, https:\/\/home.onwheels.de\/wp-content\/uploads\/2020\/07\/WSR1-300x200.jpg 300w, https:\/\/home.onwheels.de\/wp-content\/uploads\/2020\/07\/WSR1-150x100.jpg 150w\" sizes=\"auto, (max-width: 399px) 100vw, 399px\" \/><\/figure><\/li><li class=\"blocks-gallery-item\"><figure><img loading=\"lazy\" decoding=\"async\" width=\"400\" height=\"300\" src=\"https:\/\/home.onwheels.de\/wp-content\/uploads\/2020\/07\/WSR2.jpg\" alt=\"\" data-id=\"437\" data-full-url=\"https:\/\/home.onwheels.de\/wp-content\/uploads\/2020\/07\/WSR2.jpg\" data-link=\"https:\/\/home.onwheels.de\/?attachment_id=437\" class=\"wp-image-437\" srcset=\"https:\/\/home.onwheels.de\/wp-content\/uploads\/2020\/07\/WSR2.jpg 400w, https:\/\/home.onwheels.de\/wp-content\/uploads\/2020\/07\/WSR2-300x225.jpg 300w, https:\/\/home.onwheels.de\/wp-content\/uploads\/2020\/07\/WSR2-150x113.jpg 150w\" sizes=\"auto, (max-width: 400px) 100vw, 400px\" \/><\/figure><\/li><\/ul><\/figure>\n\n\n\n<div class=\"wp-block-group\"><div class=\"wp-block-group__inner-container is-layout-flow wp-block-group-is-layout-flow\">\n<p style=\"text-align: justify;\"><b>Freitag, 27. Juli<\/b><i><b><br>In den Brecon Beacons National Park<br><\/b><\/i>Wir fahren zur Brecon Mountain Railway in Merthyr Tydfil und nutzen diese zu einem Ausflug in den Brecon Beacons Nationalpark.<\/p>\n<\/div><\/div>\n\n\n\n<div class=\"wp-block-group\"><div class=\"wp-block-group__inner-container is-layout-flow wp-block-group-is-layout-flow\">\n<div class=\"wp-block-group\"><div class=\"wp-block-group__inner-container is-layout-flow wp-block-group-is-layout-flow\">\n<div class=\"wp-block-group\"><div class=\"wp-block-group__inner-container is-layout-flow wp-block-group-is-layout-flow\">\n<div class=\"wp-block-image\"><figure class=\"aligncenter size-large is-resized\"><img loading=\"lazy\" decoding=\"async\" src=\"http:\/\/home.onwheels.de\/wp-content\/uploads\/2020\/07\/Cots13.jpg\" alt=\"\" class=\"wp-image-438\" width=\"509\" height=\"338\" srcset=\"https:\/\/home.onwheels.de\/wp-content\/uploads\/2020\/07\/Cots13.jpg 400w, https:\/\/home.onwheels.de\/wp-content\/uploads\/2020\/07\/Cots13-300x200.jpg 300w, https:\/\/home.onwheels.de\/wp-content\/uploads\/2020\/07\/Cots13-150x100.jpg 150w\" sizes=\"auto, (max-width: 509px) 100vw, 509px\" \/><\/figure><\/div>\n<\/div><\/div>\n<\/div><\/div>\n<\/div><\/div>\n\n\n<p style=\"text-align: justify;\"><b>Samstag, 28. Juli<br><\/b><i><b>Die Perlen der Cotswolds<br><\/b><\/i>Wir erkunden die sch\u00f6nsten St\u00e4dte der Cotswolds<br>\u2022 Bibury (\u201eh\u00fcbschestes Dorf der Cotswolds\u201c, Arlington Row)<br>\u2022 Bourton-on-the-Water (Kleinvenedig)<br>\u2022 Stow-on-the-Wold<br>\u2022 Moreton-in-Marsh<br>\u2022 Northleach (Kirche)<\/p>\n<p style=\"text-align: justify;\"><b>Sonntag, 29. Juli<br><\/b><i><b>Full Steam Ahead at the Severn&nbsp;<\/b><\/i><b><i>Valley<br><\/i><\/b>Zum Abschlu\u00df verbringen wir einen Tag auf der Severn Railway. Mit dem Bus geht es nach Kidderminster und dann auf der SVR nach Bridgnorth. Die mittelalterliche Stadt thront \u00fcber dem Flu\u00df Severn und bietet eine Sehensw\u00fcrdigkeiten wie einen Schr\u00e4gaufzug.<\/p>\n\n\n<figure class=\"wp-block-gallery columns-3 is-cropped wp-block-gallery-3 is-layout-flex wp-block-gallery-is-layout-flex\"><ul class=\"blocks-gallery-grid\"><li class=\"blocks-gallery-item\"><figure><img loading=\"lazy\" decoding=\"async\" width=\"400\" height=\"265\" src=\"https:\/\/home.onwheels.de\/wp-content\/uploads\/2020\/07\/SVR1.jpg\" alt=\"\" data-id=\"440\" data-full-url=\"https:\/\/home.onwheels.de\/wp-content\/uploads\/2020\/07\/SVR1.jpg\" data-link=\"https:\/\/home.onwheels.de\/?attachment_id=440\" class=\"wp-image-440\" srcset=\"https:\/\/home.onwheels.de\/wp-content\/uploads\/2020\/07\/SVR1.jpg 400w, https:\/\/home.onwheels.de\/wp-content\/uploads\/2020\/07\/SVR1-300x199.jpg 300w, https:\/\/home.onwheels.de\/wp-content\/uploads\/2020\/07\/SVR1-150x99.jpg 150w\" sizes=\"auto, (max-width: 400px) 100vw, 400px\" \/><\/figure><\/li><li class=\"blocks-gallery-item\"><figure><img loading=\"lazy\" decoding=\"async\" width=\"399\" height=\"267\" src=\"https:\/\/home.onwheels.de\/wp-content\/uploads\/2020\/07\/SVR2.jpg\" alt=\"\" data-id=\"441\" data-full-url=\"https:\/\/home.onwheels.de\/wp-content\/uploads\/2020\/07\/SVR2.jpg\" data-link=\"https:\/\/home.onwheels.de\/?attachment_id=441\" class=\"wp-image-441\" srcset=\"https:\/\/home.onwheels.de\/wp-content\/uploads\/2020\/07\/SVR2.jpg 399w, https:\/\/home.onwheels.de\/wp-content\/uploads\/2020\/07\/SVR2-300x201.jpg 300w, https:\/\/home.onwheels.de\/wp-content\/uploads\/2020\/07\/SVR2-150x100.jpg 150w\" sizes=\"auto, (max-width: 399px) 100vw, 399px\" \/><\/figure><\/li><li class=\"blocks-gallery-item\"><figure><img loading=\"lazy\" decoding=\"async\" width=\"400\" height=\"300\" src=\"https:\/\/home.onwheels.de\/wp-content\/uploads\/2020\/07\/SVR3.jpg\" alt=\"\" data-id=\"442\" data-full-url=\"https:\/\/home.onwheels.de\/wp-content\/uploads\/2020\/07\/SVR3.jpg\" data-link=\"https:\/\/home.onwheels.de\/?attachment_id=442\" class=\"wp-image-442\" srcset=\"https:\/\/home.onwheels.de\/wp-content\/uploads\/2020\/07\/SVR3.jpg 400w, https:\/\/home.onwheels.de\/wp-content\/uploads\/2020\/07\/SVR3-300x225.jpg 300w, https:\/\/home.onwheels.de\/wp-content\/uploads\/2020\/07\/SVR3-150x113.jpg 150w\" sizes=\"auto, (max-width: 400px) 100vw, 400px\" \/><\/figure><\/li><li class=\"blocks-gallery-item\"><figure><img loading=\"lazy\" decoding=\"async\" width=\"400\" height=\"266\" src=\"https:\/\/home.onwheels.de\/wp-content\/uploads\/2020\/07\/SVR4.jpg\" alt=\"\" data-id=\"443\" data-full-url=\"https:\/\/home.onwheels.de\/wp-content\/uploads\/2020\/07\/SVR4.jpg\" data-link=\"https:\/\/home.onwheels.de\/?attachment_id=443\" class=\"wp-image-443\" srcset=\"https:\/\/home.onwheels.de\/wp-content\/uploads\/2020\/07\/SVR4.jpg 400w, https:\/\/home.onwheels.de\/wp-content\/uploads\/2020\/07\/SVR4-300x200.jpg 300w, https:\/\/home.onwheels.de\/wp-content\/uploads\/2020\/07\/SVR4-150x100.jpg 150w\" sizes=\"auto, (max-width: 400px) 100vw, 400px\" \/><\/figure><\/li><li class=\"blocks-gallery-item\"><figure><img loading=\"lazy\" decoding=\"async\" width=\"400\" height=\"266\" src=\"https:\/\/home.onwheels.de\/wp-content\/uploads\/2020\/07\/SVR5.jpg\" alt=\"\" data-id=\"444\" data-full-url=\"https:\/\/home.onwheels.de\/wp-content\/uploads\/2020\/07\/SVR5.jpg\" data-link=\"https:\/\/home.onwheels.de\/?attachment_id=444\" class=\"wp-image-444\" srcset=\"https:\/\/home.onwheels.de\/wp-content\/uploads\/2020\/07\/SVR5.jpg 400w, https:\/\/home.onwheels.de\/wp-content\/uploads\/2020\/07\/SVR5-300x200.jpg 300w, https:\/\/home.onwheels.de\/wp-content\/uploads\/2020\/07\/SVR5-150x100.jpg 150w\" sizes=\"auto, (max-width: 400px) 100vw, 400px\" \/><\/figure><\/li><li class=\"blocks-gallery-item\"><figure><img loading=\"lazy\" decoding=\"async\" width=\"400\" height=\"266\" src=\"https:\/\/home.onwheels.de\/wp-content\/uploads\/2020\/07\/SVR6.jpg\" alt=\"\" data-id=\"445\" data-full-url=\"https:\/\/home.onwheels.de\/wp-content\/uploads\/2020\/07\/SVR6.jpg\" data-link=\"https:\/\/home.onwheels.de\/?attachment_id=445\" class=\"wp-image-445\" srcset=\"https:\/\/home.onwheels.de\/wp-content\/uploads\/2020\/07\/SVR6.jpg 400w, https:\/\/home.onwheels.de\/wp-content\/uploads\/2020\/07\/SVR6-300x200.jpg 300w, https:\/\/home.onwheels.de\/wp-content\/uploads\/2020\/07\/SVR6-150x100.jpg 150w\" sizes=\"auto, (max-width: 400px) 100vw, 400px\" \/><\/figure><\/li><\/ul><\/figure>\n\n\n<p><b>Montag, 30. Juli<br><\/b>R\u00fcckreise mit dem Bus nach Dorsten<\/p>\n\n\n<figure class=\"wp-block-image size-large is-resized\"><img loading=\"lazy\" decoding=\"async\" src=\"https:\/\/home.onwheels.de\/wp-content\/uploads\/2020\/07\/Cots12.jpg\" alt=\"\" class=\"wp-image-434\" width=\"571\" height=\"380\" srcset=\"https:\/\/home.onwheels.de\/wp-content\/uploads\/2020\/07\/Cots12.jpg 399w, https:\/\/home.onwheels.de\/wp-content\/uploads\/2020\/07\/Cots12-300x200.jpg 300w, https:\/\/home.onwheels.de\/wp-content\/uploads\/2020\/07\/Cots12-150x100.jpg 150w\" sizes=\"auto, (max-width: 571px) 100vw, 571px\" \/><figcaption>Gruppenbild in Kidderminster<\/figcaption><\/figure>\n","protected":false},"excerpt":{"rendered":"<p>7-t\u00e4gige Studienfahrt in die wondersch\u00f6nen Cotworlds24.-30. Juli 2018 \u00a0 Dienstag, 24. JuliAnreise mit dem Bus und Hotelbezug in Gloucester Mittwoch, 25. JuliEin Tag auf der GWSRMit dem Roverticket erkunden wir die Gloucestershire Warwickshire Railway; somit kann \u00fcberall ausgestiegen werden und&hellip; <\/p>\n","protected":false},"author":1,"featured_media":0,"parent":211,"menu_order":5,"comment_status":"open","ping_status":"closed","template":"","meta":{"footnotes":""},"class_list":["post-245","page","type-page","status-publish","hentry"],"_links":{"self":[{"href":"https:\/\/home.onwheels.de\/index.php?rest_route=\/wp\/v2\/pages\/245","targetHints":{"allow":["GET"]}}],"collection":[{"href":"https:\/\/home.onwheels.de\/index.php?rest_route=\/wp\/v2\/pages"}],"about":[{"href":"https:\/\/home.onwheels.de\/index.php?rest_route=\/wp\/v2\/types\/page"}],"author":[{"embeddable":true,"href":"https:\/\/home.onwheels.de\/index.php?rest_route=\/wp\/v2\/users\/1"}],"replies":[{"embeddable":true,"href":"https:\/\/home.onwheels.de\/index.php?rest_route=%2Fwp%2Fv2%2Fcomments&post=245"}],"version-history":[{"count":15,"href":"https:\/\/home.onwheels.de\/index.php?rest_route=\/wp\/v2\/pages\/245\/revisions"}],"predecessor-version":[{"id":461,"href":"https:\/\/home.onwheels.de\/index.php?rest_route=\/wp\/v2\/pages\/245\/revisions\/461"}],"up":[{"embeddable":true,"href":"https:\/\/home.onwheels.de\/index.php?rest_route=\/wp\/v2\/pages\/211"}],"wp:attachment":[{"href":"https:\/\/home.onwheels.de\/index.php?rest_route=%2Fwp%2Fv2%2Fmedia&parent=245"}],"curies":[{"name":"wp","href":"https:\/\/api.w.org\/{rel}","templated":true}]}}