{"id":246,"date":"2020-07-07T21:59:16","date_gmt":"2020-07-07T19:59:16","guid":{"rendered":"http:\/\/home.onwheels.de\/?page_id=246"},"modified":"2020-07-22T23:09:16","modified_gmt":"2020-07-22T21:09:16","slug":"korsika-sardinien","status":"publish","type":"page","link":"https:\/\/home.onwheels.de\/?page_id=246","title":{"rendered":"Korsika &#038; Sardinien"},"content":{"rendered":"\n<p class=\"has-text-align-center\"><strong><em>OnWheels Studienreise nach Korsika und Sardinien  <\/em><\/strong><\/p>\n\n\n\n<p class=\"has-text-align-center\"><strong><em>22. April &#8211; 2. Mai 2018<\/em><\/strong><\/p>\n\n\n\n<div class=\"wp-block-image is-style-default\"><figure class=\"aligncenter size-large\"><img loading=\"lazy\" decoding=\"async\" width=\"1024\" height=\"768\" src=\"https:\/\/home.onwheels.de\/wp-content\/uploads\/2020\/07\/20180424_130633-1024x768.jpg\" alt=\"\" class=\"wp-image-381\" srcset=\"https:\/\/home.onwheels.de\/wp-content\/uploads\/2020\/07\/20180424_130633-1024x768.jpg 1024w, https:\/\/home.onwheels.de\/wp-content\/uploads\/2020\/07\/20180424_130633-300x225.jpg 300w, https:\/\/home.onwheels.de\/wp-content\/uploads\/2020\/07\/20180424_130633-768x576.jpg 768w, https:\/\/home.onwheels.de\/wp-content\/uploads\/2020\/07\/20180424_130633-1536x1152.jpg 1536w, https:\/\/home.onwheels.de\/wp-content\/uploads\/2020\/07\/20180424_130633-2048x1536.jpg 2048w, https:\/\/home.onwheels.de\/wp-content\/uploads\/2020\/07\/20180424_130633-600x450.jpg 600w\" sizes=\"auto, (max-width: 1024px) 100vw, 1024px\" \/><\/figure><\/div>\n\n\n<p style=\"text-align: justify;\">Hinfahrt ab Essen Hbf mit Thalys und TGV nach Nizza. Von dort ging es mit der mit der F\u00e4hre nach Bastia auf Korsika, wo Ausfl\u00fcge mit der Schmalspurbahn \u00fcber alle Strecken Korsikas auf dem Programm standen.<br>F\u00fcr Sardinien ben\u00f6tigten wir einen Reisebus, der uns Ausfl\u00fcge nach Mandas und zu Fahrten mit der Schmalspurbahn durch wildromatische Landschaften erm\u00f6glichte. Eine Fahrt \u00fcber die ganze Insel Sardinien f\u00fchrte nach Golfo Aransi mit Besuch der Stadt Alghero. Von dort startete die F\u00e4hre nach Livorno in Italien, denn wir wollten noch den Tren historico von Bergamo zum Iseo-See mit Dampflok erleben.<\/p>\n\n\n<figure class=\"wp-block-image size-large\"><img loading=\"lazy\" decoding=\"async\" width=\"1024\" height=\"768\" src=\"https:\/\/home.onwheels.de\/wp-content\/uploads\/2020\/07\/DSCN6297-1024x768.jpg\" alt=\"\" class=\"wp-image-382\" srcset=\"https:\/\/home.onwheels.de\/wp-content\/uploads\/2020\/07\/DSCN6297-1024x768.jpg 1024w, https:\/\/home.onwheels.de\/wp-content\/uploads\/2020\/07\/DSCN6297-300x225.jpg 300w, https:\/\/home.onwheels.de\/wp-content\/uploads\/2020\/07\/DSCN6297-768x576.jpg 768w, https:\/\/home.onwheels.de\/wp-content\/uploads\/2020\/07\/DSCN6297-1536x1152.jpg 1536w, https:\/\/home.onwheels.de\/wp-content\/uploads\/2020\/07\/DSCN6297-2048x1536.jpg 2048w, https:\/\/home.onwheels.de\/wp-content\/uploads\/2020\/07\/DSCN6297-600x450.jpg 600w\" sizes=\"auto, (max-width: 1024px) 100vw, 1024px\" \/><\/figure>\n","protected":false},"excerpt":{"rendered":"<p>OnWheels Studienreise nach Korsika und Sardinien 22. April &#8211; 2. Mai 2018 Hinfahrt ab Essen Hbf mit Thalys und TGV nach Nizza. Von dort ging es mit der mit der F\u00e4hre nach Bastia auf Korsika, wo Ausfl\u00fcge mit der Schmalspurbahn&hellip; <\/p>\n","protected":false},"author":1,"featured_media":0,"parent":211,"menu_order":6,"comment_status":"closed","ping_status":"closed","template":"","meta":{"footnotes":""},"class_list":["post-246","page","type-page","status-publish","hentry"],"_links":{"self":[{"href":"https:\/\/home.onwheels.de\/index.php?rest_route=\/wp\/v2\/pages\/246","targetHints":{"allow":["GET"]}}],"collection":[{"href":"https:\/\/home.onwheels.de\/index.php?rest_route=\/wp\/v2\/pages"}],"about":[{"href":"https:\/\/home.onwheels.de\/index.php?rest_route=\/wp\/v2\/types\/page"}],"author":[{"embeddable":true,"href":"https:\/\/home.onwheels.de\/index.php?rest_route=\/wp\/v2\/users\/1"}],"replies":[{"embeddable":true,"href":"https:\/\/home.onwheels.de\/index.php?rest_route=%2Fwp%2Fv2%2Fcomments&post=246"}],"version-history":[{"count":7,"href":"https:\/\/home.onwheels.de\/index.php?rest_route=\/wp\/v2\/pages\/246\/revisions"}],"predecessor-version":[{"id":432,"href":"https:\/\/home.onwheels.de\/index.php?rest_route=\/wp\/v2\/pages\/246\/revisions\/432"}],"up":[{"embeddable":true,"href":"https:\/\/home.onwheels.de\/index.php?rest_route=\/wp\/v2\/pages\/211"}],"wp:attachment":[{"href":"https:\/\/home.onwheels.de\/index.php?rest_route=%2Fwp%2Fv2%2Fmedia&parent=246"}],"curies":[{"name":"wp","href":"https:\/\/api.w.org\/{rel}","templated":true}]}}