{"id":412,"date":"2020-07-22T22:47:54","date_gmt":"2020-07-22T20:47:54","guid":{"rendered":"http:\/\/home.onwheels.de\/?page_id=412"},"modified":"2024-03-03T21:12:16","modified_gmt":"2024-03-03T19:12:16","slug":"mitglied-werden","status":"publish","type":"page","link":"https:\/\/home.onwheels.de\/?page_id=412","title":{"rendered":"Mitglied werden"},"content":{"rendered":"\n<p>M\u00f6chten Sie bei uns mitmachen?<\/p>\n\n\n\n<p>Das ist m\u00f6glich. Bitte laden Sie sich das Antragsformular runter und senden es ausgef\u00fcllt und unterschrieben an folgenden Adresse:<\/p>\n\n\n\n<p><strong>An den Vorstand des<br>Eisenbahnfreunde OnWheels e. V.<br>Schwalbenst\u00fcck 68<br>46286 Dorsten<\/strong><\/p>\n\n\n\n<p>Sie werden dann zu unserer n\u00e4chsten regul\u00e4ren Mitgliederversammlung eingeladen.<\/p>\n\n\n\n<p>Wir freuen uns auf Sie!<\/p>\n\n\n\n<hr class=\"wp-block-separator has-css-opacity\"\/>\n\n\n\n<div class=\"wp-block-file\"><a id=\"wp-block-file--media-3f2ce327-bdb0-4719-b313-fb3682d49019\" href=\"https:\/\/home.onwheels.de\/wp-content\/uploads\/2022\/10\/Antrag-Mitgliedschaft_neu.pdf\" target=\"_blank\" rel=\"noreferrer noopener\">Antrag Mitgliedschaft<\/a><a href=\"https:\/\/home.onwheels.de\/wp-content\/uploads\/2022\/10\/Antrag-Mitgliedschaft_neu.pdf\" class=\"wp-block-file__button wp-element-button\" download aria-describedby=\"wp-block-file--media-3f2ce327-bdb0-4719-b313-fb3682d49019\">Herunterladen<\/a><\/div>\n\n\n\n<div class=\"wp-block-file\"><a id=\"wp-block-file--media-aa2655f6-070f-4481-ae9a-ef2a7725494d\" href=\"http:\/\/home.onwheels.de\/wp-content\/uploads\/2020\/07\/Satzung.pdf\" target=\"_blank\" rel=\"noreferrer noopener\">Satzung<\/a><a href=\"http:\/\/home.onwheels.de\/wp-content\/uploads\/2020\/07\/Satzung.pdf\" class=\"wp-block-file__button wp-element-button\" download aria-describedby=\"wp-block-file--media-aa2655f6-070f-4481-ae9a-ef2a7725494d\">Herunterladen<\/a><\/div>\n\n\n\n<div class=\"wp-block-file\"><a id=\"wp-block-file--media-92483002-3dbf-4d2a-903c-f0d37973dc24\" href=\"https:\/\/home.onwheels.de\/wp-content\/uploads\/2024\/03\/Beitragsordnung-2022.pdf\" target=\"_blank\" rel=\"noreferrer noopener\">Beitragsordnung<\/a><a href=\"https:\/\/home.onwheels.de\/wp-content\/uploads\/2024\/03\/Beitragsordnung-2022.pdf\" class=\"wp-block-file__button wp-element-button\" download aria-describedby=\"wp-block-file--media-92483002-3dbf-4d2a-903c-f0d37973dc24\">Herunterladen<\/a><\/div>\n\n\n\n<p><\/p>\n","protected":false},"excerpt":{"rendered":"<p>M\u00f6chten Sie bei uns mitmachen? Das ist m\u00f6glich. Bitte laden Sie sich das Antragsformular runter und senden es ausgef\u00fcllt und unterschrieben an folgenden Adresse: An den Vorstand desEisenbahnfreunde OnWheels e. V.Schwalbenst\u00fcck 6846286 Dorsten Sie werden dann zu unserer n\u00e4chsten regul\u00e4ren&hellip; <\/p>\n","protected":false},"author":1,"featured_media":0,"parent":0,"menu_order":0,"comment_status":"closed","ping_status":"closed","template":"","meta":{"footnotes":""},"class_list":["post-412","page","type-page","status-publish","hentry"],"_links":{"self":[{"href":"https:\/\/home.onwheels.de\/index.php?rest_route=\/wp\/v2\/pages\/412","targetHints":{"allow":["GET"]}}],"collection":[{"href":"https:\/\/home.onwheels.de\/index.php?rest_route=\/wp\/v2\/pages"}],"about":[{"href":"https:\/\/home.onwheels.de\/index.php?rest_route=\/wp\/v2\/types\/page"}],"author":[{"embeddable":true,"href":"https:\/\/home.onwheels.de\/index.php?rest_route=\/wp\/v2\/users\/1"}],"replies":[{"embeddable":true,"href":"https:\/\/home.onwheels.de\/index.php?rest_route=%2Fwp%2Fv2%2Fcomments&post=412"}],"version-history":[{"count":4,"href":"https:\/\/home.onwheels.de\/index.php?rest_route=\/wp\/v2\/pages\/412\/revisions"}],"predecessor-version":[{"id":1250,"href":"https:\/\/home.onwheels.de\/index.php?rest_route=\/wp\/v2\/pages\/412\/revisions\/1250"}],"wp:attachment":[{"href":"https:\/\/home.onwheels.de\/index.php?rest_route=%2Fwp%2Fv2%2Fmedia&parent=412"}],"curies":[{"name":"wp","href":"https:\/\/api.w.org\/{rel}","templated":true}]}}