{"id":66,"date":"2020-07-02T21:38:51","date_gmt":"2020-07-02T21:38:51","guid":{"rendered":"http:\/\/home.onwheels.de\/?page_id=66"},"modified":"2025-11-06T11:45:33","modified_gmt":"2025-11-06T09:45:33","slug":"impressum","status":"publish","type":"page","link":"https:\/\/home.onwheels.de\/?page_id=66","title":{"rendered":"Impressum"},"content":{"rendered":"<p><b>Konzeption, Copyright und verantwortlich im Sinne des Pressegesetzes:<\/b><\/p>\n<p>Eisenbahnfreunde OnWheels e. V.<br \/>Schwalbenst\u00fcck 68<br \/>46286 Dorsten<\/p>\n<p><b>Vertretungsberechtigter\u00a0<\/b><b>Vorstand<\/b><b>\u00a0im Sinne des \u00a7\u00a026 BGB:<br \/><\/b>Manfred Diekenbrock (Vorsitzender)<br \/>Karsten Westermann (Gesch\u00e4ftsf\u00fchrer)<br \/>Hartmut Ulbrich (Kassierer)<\/p>\n<p><b>Eintragung:<br \/><\/b>Amtsgericht Gelsenkirchen<br \/>Vereinsregister 13602<\/p>\n<p><b>Steuerrechtliche Angaben:<br \/><\/b>Finanzamt Marl<br \/>Steuernummer: 359\/5733\/4271<\/p>\n<p><b>Bankverbindung:<br \/>!!! NEUE BANKVERBINDUNG !!!<br \/><\/b>Vereinte Volksbank eG Dorsten<br \/><b>IBAN:<\/b> DE08 4246 1435 0195 3073 00<br \/><b>BIC-\/ SWIFTCODE:<\/b> GENODEM1KIH<\/p>\n<p><b>Haftungsausschluss:<br \/><\/b>Der Eisenbahnfreunde OnWheels e. V. bem\u00fcht sich um die Richtigkeit der auf ihrer Website aufgef\u00fchrten Informationen und Daten. Obwohl der Verein die Daten und Informationen regelm\u00e4\u00dfig aktualisieren, ist aufgrund der Vielzahl der Informationen und der technischen Merkmale des Internets eine Haftung oder Garantie f\u00fcr die Aktualit\u00e4t, Richtigkeit und Vollst\u00e4ndigkeit der zur Verf\u00fcgung gestellten Informationen und Daten ausgeschlossen. Der Eisenbahnfreunde OnWheels e. V. beh\u00e4lt sich vor, ohne Ank\u00fcndigung, \u00c4nderungen oder Erg\u00e4nzungen der bereitgestellten Informationen oder Daten vorzunehmen.<\/p>\n<p>Das Landgericht Hamburg hat mit Urteil vom 12.05.1998 mit dem Aktenzeichen 312 O 85\/98 entschieden, dass durch die Ausbringung eines Links die Inhalte der gelinkten Seite gegebenenfalls mitzuverantworten sind. Laut Gericht kann man durch den folgenden Hinweis, den der Verein hiermit vorsorglich anbringt, von dieser Verantwortung entbunden werden:<\/p>\n<p>Die Haftung oder Garantie f\u00fcr die Aktualit\u00e4t, Richtigkeit und Vollst\u00e4ndigkeit aller anderen Websites, auf die mittels eines Hyperlinks verwiesen wird, ist ausgeschlossen. F\u00fcr den Inhalt von Websites, die mittels einer solchen Verbindung erreicht werden, ist der jeweilige Anbieter eigenverantwortlich.<\/p>\n<p>Die auf der Website des Eisenbahnfreunde OnWheels e. V. zur Verf\u00fcgung gestellten Informationen und Daten dienen Informationszwecken. Jeder Nutzer kann sich anhand dieser Informationen und Daten einen \u00dcberblick \u00fcber das Angebot verschaffen, ohne sich auf die Aktualit\u00e4t, Richtigkeit oder Vollst\u00e4ndigkeit der Informationen oder Daten berufen oder verlassen zu k\u00f6nnen. Der Verein haftet weder f\u00fcr direkte noch indirekte Sch\u00e4den, die durch die Nutzung der Informationen oder Daten dieser Website entstehen oder entstanden sind. Durch die Nutzung der Website entstehen weder Rechte noch Pflichten des Eisenbahnfreunde OnWheels e. V. bzw. der Nutzer.<\/p>\n<p><b>Copyright:<br \/><\/b>Der Inhalt der Webseite des Eisenbahnfreunde OnWheels e. V. ist urheberrechtlich gesch\u00fctzt. Die Vervielf\u00e4ltigung von Informationen oder Daten, insbesondere die Verwendung von Texten, Textteilen oder Bildmaterial bedarf der vorherigen Zustimmung des Eisenbahnfreunde OnWheels e. V. Wir bestehen jedoch bei Links darauf, dass die Webseiten des Eisenbahnfreunde OnWheels e. V. alleiniger Bestandteil des Browser-Fensters sind. Die Informationen d\u00fcrfen im \u00dcbrigen nicht ver\u00e4ndert oder verf\u00e4lscht werden. Bei Weitergabe oder Vervielf\u00e4ltigung bitten wir um Quellenangabe.<\/p>\n<p>S\u00e4mtliche Informationen oder Daten, ihre Nutzung und die Anmeldung zur Webseite des Eisenbahnfreunde OnWheels e. V. sowie s\u00e4mtliches mit der Webseite des Eisenbahnfreunde OnWheels e. V. zusammenh\u00e4ngendes Tun, Dulden oder Unterlassen unterliegt ausschlie\u00dflich deutschem Recht. Erf\u00fcllungsort und ausschlie\u00dflicher Gerichtsstand ist Dorsten.<\/p>\n<p><b>Keine Abmahnung ohne vorherige Kontaktaufnahme:<br \/><\/b>Sollte der Inhalt oder die Gestaltung der Webseite des Eisenbahnfreunde OnWheels e. V. fremde Rechte oder gesetzliche Bestimmungen verletzen, so bitten wir Sie um eine entsprechende Nachricht ohne Kostenverursachung. Die Beseitigung einer m\u00f6glicherweise von diesen Seiten ausgehenden Schutzrechtsverletzung darf nicht ohne Zustimmung des Eisenbahnfreunde OnWheels e. V. erfolgen. Der Eisenbahnfreunde OnWheels e. V. garantiert, dass die zu Recht beanstandeten Passagen unverz\u00fcglich entfernt werden, ohne dass von Ihnen die Einschaltung eines Rechtsbeistandes erforderlich ist.<\/p>\n<div class=\"woocommerce woocommerce-gzd woocommerce-gzd-complaints-shortcode\">\n\t\t\t<h3>Alternative Streitbeilegung gem\u00e4\u00df Art. 14 Abs. 1 ODR-VO und \u00a7 36 VSBG:<\/h3>\n\t\nZur Teilnahme an einem Streitbeilegungsverfahren vor einer Verbraucherschlichtungsstelle sind wir nicht verpflichtet und nicht bereit.<\/div>\n\n\n<p><\/p>\n","protected":false},"excerpt":{"rendered":"<p>Konzeption, Copyright und verantwortlich im Sinne des Pressegesetzes: Eisenbahnfreunde OnWheels e. V.Schwalbenst\u00fcck 6846286 Dorsten Vertretungsberechtigter\u00a0Vorstand\u00a0im Sinne des \u00a7\u00a026 BGB:Manfred Diekenbrock (Vorsitzender)Karsten Westermann (Gesch\u00e4ftsf\u00fchrer)Hartmut Ulbrich (Kassierer) Eintragung:Amtsgericht GelsenkirchenVereinsregister 13602 Steuerrechtliche Angaben:Finanzamt MarlSteuernummer: 359\/5733\/4271 Bankverbindung:!!! NEUE BANKVERBINDUNG !!!Vereinte Volksbank eG DorstenIBAN: DE08&hellip; <\/p>\n","protected":false},"author":1,"featured_media":0,"parent":0,"menu_order":0,"comment_status":"closed","ping_status":"closed","template":"","meta":{"footnotes":""},"class_list":["post-66","page","type-page","status-publish","hentry"],"_links":{"self":[{"href":"https:\/\/home.onwheels.de\/index.php?rest_route=\/wp\/v2\/pages\/66","targetHints":{"allow":["GET"]}}],"collection":[{"href":"https:\/\/home.onwheels.de\/index.php?rest_route=\/wp\/v2\/pages"}],"about":[{"href":"https:\/\/home.onwheels.de\/index.php?rest_route=\/wp\/v2\/types\/page"}],"author":[{"embeddable":true,"href":"https:\/\/home.onwheels.de\/index.php?rest_route=\/wp\/v2\/users\/1"}],"replies":[{"embeddable":true,"href":"https:\/\/home.onwheels.de\/index.php?rest_route=%2Fwp%2Fv2%2Fcomments&post=66"}],"version-history":[{"count":5,"href":"https:\/\/home.onwheels.de\/index.php?rest_route=\/wp\/v2\/pages\/66\/revisions"}],"predecessor-version":[{"id":1755,"href":"https:\/\/home.onwheels.de\/index.php?rest_route=\/wp\/v2\/pages\/66\/revisions\/1755"}],"wp:attachment":[{"href":"https:\/\/home.onwheels.de\/index.php?rest_route=%2Fwp%2Fv2%2Fmedia&parent=66"}],"curies":[{"name":"wp","href":"https:\/\/api.w.org\/{rel}","templated":true}]}}