{"id":67,"date":"2020-07-02T21:38:51","date_gmt":"2020-07-02T21:38:51","guid":{"rendered":"http:\/\/home.onwheels.de\/?page_id=67"},"modified":"2024-03-29T12:11:08","modified_gmt":"2024-03-29T10:11:08","slug":"agb","status":"publish","type":"page","link":"https:\/\/home.onwheels.de\/?page_id=67","title":{"rendered":"AGB (vom 19.03.2024)"},"content":{"rendered":"<p><i><b>Allgemeiner Teil<\/b><\/i><\/p>\n<p><b>Ziffer\u00a01 Bestellung\/Vertragsschluss<\/b><\/p>\n<p>1.1 Mit der Bestellung von Fahrkarten und\/oder Artikeln aus dem Shop erkennt der Kunde die Allgemeinen Gesch\u00e4ftsbedingungen (AGB) des Eisenbahnfreunde OnWheels e. V. gem\u00e4\u00df \u00a7 305 Abs. 2 BGB an. Die Bestellung erfolgt pers\u00f6nlich, schriftlich \u00fcber das jeweilige Bestellformular, durch Telefon oder Telefax, per E-Mail oder \u00fcber unsere Webseite www.onwheels.de.<\/p>\n<p>1.2.1 Jegliche Werbung des Eisenbahnfreunde OnWheels e. V. stellt noch kein wirksames Angebot gem\u00e4\u00df \u00a7 145 BGB dar, sondern ist lediglich als Einladung zur Abgabe eines Angebots ohne Rechtsbindungswillen zu sehen. Der Verein unterliegt keinem Kontrahierungszwang und kann sich deshalb seine Vertragspartner aussuchen. Darum kommt ein Vertrag zwischen dem Eisenbahnfreunde OnWheels e. V. und Kunden erst zustande, wenn der Verein das Angebot des Kunden annimmt. Dies erfolgt durch eine schriftliche Best\u00e4tigung in Form einer Rechnung. Der Best\u00e4tigungsvermerk auf der Webseite bzw. per Email nach durchgef\u00fchrter Bestellung wird automatisch erstellt und stellt daher keine Best\u00e4tigung dar. Es wird lediglich angezeigt, dass der Kunde eine Eingabe gemacht und diese an den Verein abgeschickt hat.<\/p>\n<p>1.2.2 Im Verh\u00e4ltnis mit externen Leistungserbringern sind die AGB als Teil der auf den Vertragsabschluss gerichteten Willenserkl\u00e4rung des Eisenbahnfreunde OnWheels e.\u00a0V. zu sehen und werden daher gem\u00e4\u00df \u00a7\u00a7\u00a0145 ff. BGB Bestandteil des geschlossenen Vertrages.<\/p>\n<p><b>Ziffer\u00a02 Leistungsumfang<\/b><\/p>\n<p>Der Umfang der Leistung f\u00fcr Tagesfahrten, Gruppenfahrten, Artikel aus dem Shop und Veranstaltungen ergibt sich ausschlie\u00dflich aus der jeweiligen Leistungsbeschreibung.<\/p>\n<p><b>Ziffer\u00a03 Begriffsbestimmungen<\/b><\/p>\n<p>3.1 Mit Tag ist der Kalendertag, mit Woche die Kalenderwoche gemeint.<\/p>\n<p>3.2 Es gelten die allgemeinen Fristen der \u00a7\u00a7\u00a0186 ff. BGB.<\/p>\n<p><i><b>Besonderer Teil<\/b><\/i><\/p>\n<p><b>Ziffer\u00a04 Bezahlung<\/b><\/p>\n<p>4.1.1 Die Bezahlung von Fahrkarten f\u00fcr Tagesfahrten hat unter Beachtung des auf der Rechnung angegebenen Zahlungsziels im Voraus der gebuchten Fahrt zu erfolgen. Ist dies innerhalb von zwei Wochen nach Ablauf des Zahlungsziels immer noch nicht geschehen, geht der Eisenbahnfreunde OnWheels e.\u00a0V. davon aus, dass kein Interesse mehr an der Fahrt besteht und beh\u00e4lt sich vor, die Fahrkarte(n) wieder dem Verkauf zuzuf\u00fchren. Bietet der Verein in einer rabattierten Aktion Fahrkarten f\u00fcr Tagesfahrten unter Ber\u00fccksichtigung spezieller Fristen zur Bestellung und Bezahlung an, so gilt der verg\u00fcnstigte Preis nur, wenn die Bestellung und Bezahlung innerhalb der angegebenen Fristen erfolgt. Geht die Zahlung des Kunden nach dem Ablauf der angegebenen Frist ein, ist der verg\u00fcnstigte Preis hinf\u00e4llig und der Kunde muss den Normalpreis zahlen.<\/p>\n<p>4.1.2 Bei Gruppenfahrten erfolgt die Bezahlung ebenfalls im Vorfeld. Im Regelfall ist eine Anzahlung zu leisten. Die genauen Modalit\u00e4ten legt der jeweilige Reiseleiter des Eisenbahnfreunde OnWheels e.\u00a0V. fest. Insofern gelten die dann mitgeteilten Zahlungsmodalit\u00e4ten.<\/p>\n<p>4.1.3 Die Bezahlung von Artikeln aus dem Shop hat unter Beachtung des Rechnungsdatums sp\u00e4testens zwei Wochen nach Rechnungsstellung zu erfolgen. Geht die Zahlung erst sp\u00e4ter ein, so beh\u00e4lt sich der Eisenbahnfreunde OnWheels e. V. vor, den Rechnungsbetrag ab diesem Zeitraum mit 5-Prozentpunkten \u00fcber dem aktuellen Basiszinssatz gem\u00e4\u00df \u00a7 247 Abs. 1 BGB zu verzinsen.<\/p>\n<p>4.1.4 Bei Veranstaltungen erfolgt die Bezahlung in dessen Vorfeld in bar.<\/p>\n<p>4.2 Bei allen \u00dcberweisungen oder Transaktionen via PayPal ist die jeweilige Rechnungsnummer anzugeben.<\/p>\n<p><b>Ziffer\u00a05 R\u00fccktritt<\/b><\/p>\n<p>5.1.1 Ein R\u00fccktritt von Tagesfahrten ist grunds\u00e4tzlich bis zu einem Zeitpunkt von 14\u00a0Tagen vor Fahrtantritt ohne Angabe von Gr\u00fcnden m\u00f6glich. Bei Erkrankung, die eine Teilnahme an der Fahrt unm\u00f6glich macht, ist bei der Vorlage eines \u00e4rztlichen Attestes ein R\u00fccktritt des Erkrankten sowie maximal einer Begleitperson bis zu einem Zeitpunkt von drei Tagen vor Fahrtantritt m\u00f6glich. Liegen die Voraussetzungen f\u00fcr einen R\u00fccktritt vor, erstattet der Eisenbahnfreunde OnWheels e.\u00a0V. den bereits entrichteten Rechungsbetrag abz\u00fcglich einer Bearbeitungsgeb\u00fchr von 5,00\u00a0Euro pro Fahrkarte auf das Bankkonto des Kunden, sollte dieser mittels Bank\u00fcberweisung gezahlt haben, bzw. via PayPal, sollte der Kunde mittels PayPal gezahlt haben. Im Falle einer Bank\u00fcberweisung hat der Kunde dem Verein zusammen mit seinem Erstattungsbegehren seine vollst\u00e4ndigen Kontodaten zu \u00fcbermitteln.<\/p>\n<p>5.1.2 Bei Gruppenfahrten kann der Kunde jederzeit vor Reisebeginn von der Reise zur\u00fccktreten. Tut er dies oder liegt ein Fall h\u00f6herer Gewalt gem\u00e4\u00df \u00a7\u00a0651j BGB vor, so verliert der Eisenbahnfreunde OnWheels e.\u00a0V. den Anspruch auf den Reisepreis. Stattdessen verlangt der Verein eine pauschale Entsch\u00e4digung f\u00fcr bereits angefallene Kosten und Aufwendungen, welche mit den eigenen ersparten Aufwendungen verrechnet werden. Die H\u00f6he der pauschalierten Entsch\u00e4digung richtet sich nach dem R\u00fccktrittzeitpunkt.<\/p>\n<p>Die R\u00fccktrittsgeb\u00fchren betragen &#8230;<\/p>\n<p>&#8230; bis zum 31.\u00a0Tag vor Reiseantritt 20 vom Hundert vom Reisepreis.<br \/>\n&#8230; ab dem 30. Tag vor Reiseantritt 50 vom Hundert vom Reisepreis.<br \/>\n&#8230; ab dem 14. Tag vor Reiseantritt 80 vom Hundert vom Reisepreis.<br \/>\n&#8230; ab dem siebten Tag vor Reiseantritt und bei Nichtantritt 100 vom Hundert vom Reisepreis.<\/p>\n<p>Sofern der Kunde eine Ersatzperson f\u00fcr die gleiche Buchungskategorie stellt, wird der Reisepreis nach vollst\u00e4ndiger Bezahlung durch die Ersatzperson abzgl. einer Geb\u00fchr i.H.v. \u20ac25,00 erstattet.<\/p>\n<p>Wir empfehlen den Abschluss einer Reiser\u00fccktrittsversicherung.<\/p>\n<p>5.1.3 Bei Bestellungen aus dem Shop gelten die gesetzlichen Regelungen \u00fcber den Widerruf und die R\u00fcckgabe bei Fernabsatzvertr\u00e4gen gem\u00e4\u00df \u00a7\u00a7\u00a0312d, 355 BGB.<\/p>\n<p>5.2 Der R\u00fccktritt bzw. Widerruf ist in Textform gem\u00e4\u00df \u00a7\u00a0126b BGB zu erkl\u00e4ren. Er ist per Post zu richten an Eisenbahnfreunde OnWheels e.\u00a0V., Schwalbenst\u00fcck\u00a068, 46286\u00a0Dorsten, per Telefax an 02369 202615 oder per E-Mail an info@onwheels.de.<\/p>\n<p><b>Ziffer\u00a06 Haftungsausschluss und -begrenzung<\/b><\/p>\n<p>6.1.1.1 Die Tagesfahrten werden regelm\u00e4\u00dfig mit nostalgischen oder besonderen Lokomotiven und Waggons geplant. Diese sind in der Regel Unikate, die bei einem Defekt nicht mehr ad\u00e4quat ersetzt werden k\u00f6nnen. Sollte vor Fahrtantritt ein Defekt an den Fahrzeugen auftreten, bem\u00fcht sich der Eisenbahnfreunde OnWheels e.\u00a0V., f\u00fcr gleichwertigen, historischen oder zumindest besonderen Ersatz zu sorgen. Da der Verein alle Fahrzeuge nur anmietet, ist er f\u00fcr einen Defekt an Fahrzeugen Dritter zu keiner Zeit verantwortlich zu machen.<\/p>\n<p>6.1.1.2 Die Tagesfahrten des Eisenbahnfreunde OnWheels e.\u00a0V. werden im Fahrplan der Deutschen Bahn AG als Sonderverkehr gef\u00fchrt. Gegen\u00fcber Regelz\u00fcgen der Bahn haben sie eine sehr geringe Priorit\u00e4t, was dazu f\u00fchren kann, dass der Sonderzug des Vereins bei Versp\u00e4tungen in einem Bahnhof oder auf einem Seitengleis warten und andere Z\u00fcge passieren lassen muss. Kann der Sonderzug des Vereins aus diesem Grund seinem urspr\u00fcnglichen Fahrplan nicht mehr folgen und verringert sich dadurch die geplante Aufenthaltszeit am Zielort, besteht kein Anspruch auf Erstattung oder Minderung des Fahrpreises. Das prim\u00e4re Ziel der Sonderzugfahrt ist die Fahrt mit nostalgischen oder besonderen Z\u00fcgen an sich \u2013\u00a0nicht der Aufenthalt am Zielort. Der Verein verweist in diesem Zusammenhang auf das zutreffende Urteil des Amtsgerichts M\u00fcnchen vom 21.09.2004 mit dem Aktenzeichen 112\u00a0C\u00a017525\/04.<\/p>\n<p>6.1.1.3 Da dem Eisenbahnfreunde OnWheels e. V. bei seinen durchgef\u00fchrten Tagesfahrten seitens der Deutschen Bahn AG der endg\u00fcltige Fahrplan erst kurz vor Fahrtantritt mitgeteilt wird, sind vorab als \u201evorl\u00e4ufiger Fahrplan\u201c mitgeteilte Fahrzeiten nicht verbindlich. Lediglich bindend ist der \u201eendg\u00fcltige\u201c Fahrplan, der am Tag vor Fahrtantritt auf der Webseite des Vereins www.onwheels.de ver\u00f6ffentlicht wird. Da Sonderz\u00fcge auch schon mal ein paar Minuten vor dem Fahrplan verkehren k\u00f6nnen und der Verein auch darauf keinen Einfluss hat, wird Kunden dringend empfohlen, sich mindestens 15 Minuten vor der planm\u00e4\u00dfigen Abfahrt des Sonderzuges auf dem Bahnsteig abreisebereit einzufinden. Wird der Sonderzug vom Kunden verpasst, da von vorl\u00e4ufigen Fahrzeiten ausgegangen wurde oder er sich nicht mindestens 15 Minuten vor der geplanten Abfahrt am Bahnsteig eingefunden hat, besteht kein Anspruch auf Erstattung oder Minderung des Fahrpreises.<\/p>\n<p>6.1.1.4 Bei Tagesfahrten erfolgt die Benutzung von den Sonderz\u00fcgen des Eisenbahnfreunde OnWheels e.\u00a0V. auf eigene Gefahr. Einige nostalgische Wagen verf\u00fcgen nicht \u00fcber eine ausreichende T\u00fcrsicherung, sodass auch w\u00e4hrend der Fahrt die T\u00fcren ge\u00f6ffnet werden k\u00f6nnen. Ebenso sind nicht alle Bahnsteige lang genug f\u00fcr die Sonderz\u00fcge. Im \u00dcbrigen k\u00f6nnen bei einem Einsatz von Dampflokomotiven an der Kleidung oder sonstigem Eigentum\/Besitz des Kunden Sch\u00e4den oder Verunreinigungen durch Ru\u00df, Funkenflug oder sonstige Immissionen entstehen, die sich bei derart nostalgischen Lokomotiven nicht vermeiden lassen. Daher sind alle Hinweise von Seiten des Vereins, die auf die Sicherheit des Kunden gerichtet sind, jederzeit ernst zu nehmen und zu befolgen. F\u00fcr Sch\u00e4den, die auf leichte Fahrl\u00e4ssigkeit und\/oder eigenes Verschulden des Kunden zur\u00fcckzuf\u00fchren sind, \u00fcbernimmt der Eisenbahnfreunde OnWheels e.\u00a0V. keine vertragliche Haftung. Nicht ausgeschlossen wird Vorsatz und (grobe) Fahrl\u00e4ssigkeit bei Personensch\u00e4den.<\/p>\n<p>6.1.2.1 Bei Gruppenreisen tritt der Eisenbahnfreunde OnWheels e. V. als Reiseveranstalter gem\u00e4\u00df \u00a7 651a BGB auf. Der Verein stellt dabei gem\u00e4\u00df \u00a7\u00a7 1 bis 4 InfVO auf seiner Webseite www.onwheels.de oder in dem an den Kunden gerichteten Anschreiben ausreichende Informationen \u00fcber Transportmittel, Unterbringung, Reiseroute, Vertragsbedingungen, Reisemodalit\u00e4ten usw. zur Verf\u00fcgung. Fragen zu Pass- und Visaerfordernissen werden im pers\u00f6nlichen Gespr\u00e4ch gekl\u00e4rt. Bei Reisem\u00e4ngeln gelten die gesetzlichen Regelungen.<\/p>\n<p>6.1.2.2 Der Eisenbahnfreunde OnWheels e.\u00a0V. schlie\u00dft als Reiseveranstalter im eigenen Namen Vertr\u00e4ge mit den jeweiligen Leistungstr\u00e4gern, welche dem Kunden eigene Leistungsanspr\u00fcche gem\u00e4\u00df \u00a7\u00a7\u00a0328 ff. BGB einr\u00e4umen.<\/p>\n<p>6.1.2.3 Gew\u00e4hrleistungsanspr\u00fcche der \u00a7\u00a7\u00a0651c bis 651f BGB sind innerhalb eines Monats nach der vertraglich vorgesehenen Beendigung der Reise in Textform gem\u00e4\u00df \u00a7\u00a0126b BGB geltend zu machen. Das Begehren ist per Post zu richten an Eisenbahnfreunde OnWheels e.\u00a0V., Schwalbenst\u00fcck\u00a068, 46286\u00a0Dorsten, per Telefax an 02369 202615 oder per E-Mail an info@onwheels.de.<\/p>\n<p>6.1.2.4 Um Unf\u00e4lle und Sch\u00e4den zu vermeiden, ist bei Gruppenfahrten den Hinweisen des jeweiligen Reiseleiters des Eisenbahnfreunde OnWheels e.\u00a0V. unbedingt Folge zu leisten. F\u00fcr Sch\u00e4den, die auf leichte Fahrl\u00e4ssigkeit und\/oder eigenes Verschulden des Kunden zur\u00fcckzuf\u00fchren sind, \u00fcbernimmt der Verein keine vertragliche Haftung. Nicht ausgeschlossen wird Vorsatz und (grobe) Fahrl\u00e4ssigkeit bei Personensch\u00e4den.<\/p>\n<p>6.1.2.5 Der Eisenbahnfreunde OnWheels e.\u00a0V. beschr\u00e4nkt seine vertragliche Haftung bei Gruppenfahrten gem\u00e4\u00df \u00a7\u00a0651h Abs.\u00a01 BGB bei Sachsch\u00e4den auf den 3-fachen Reisepreis, sofern kein vors\u00e4tzliches oder grob fahrl\u00e4ssiges Handeln vorliegt. Dies gilt auch, wenn der Verein nur f\u00fcr das Verschulden des Leistungstr\u00e4gers \u00fcber \u00a7\u00a0278 BGB und nicht zugleich f\u00fcr eigenes Auswahlverschulden haftet.<\/p>\n<p>6.2 Bei allen vom Eisenbahnfreunde OnWheels e.\u00a0V. eingegangenen Rechtsgesch\u00e4ften ist die Haftung gem\u00e4\u00df \u00a7\u00a05 Abs.\u00a06 seiner Satzung vom 18.10.2013 auf das Vereinsverm\u00f6gen beschr\u00e4nkt.<\/p>\n","protected":false},"excerpt":{"rendered":"<p>Allgemeiner Teil Ziffer\u00a01 Bestellung\/Vertragsschluss 1.1 Mit der Bestellung von Fahrkarten und\/oder Artikeln aus dem Shop erkennt der Kunde die Allgemeinen Gesch\u00e4ftsbedingungen (AGB) des Eisenbahnfreunde OnWheels e. V. gem\u00e4\u00df \u00a7 305 Abs. 2 BGB an. Die Bestellung erfolgt pers\u00f6nlich, schriftlich \u00fcber&hellip; <\/p>\n","protected":false},"author":1,"featured_media":0,"parent":0,"menu_order":0,"comment_status":"closed","ping_status":"closed","template":"","meta":{"footnotes":""},"class_list":["post-67","page","type-page","status-publish","hentry"],"_links":{"self":[{"href":"https:\/\/home.onwheels.de\/index.php?rest_route=\/wp\/v2\/pages\/67","targetHints":{"allow":["GET"]}}],"collection":[{"href":"https:\/\/home.onwheels.de\/index.php?rest_route=\/wp\/v2\/pages"}],"about":[{"href":"https:\/\/home.onwheels.de\/index.php?rest_route=\/wp\/v2\/types\/page"}],"author":[{"embeddable":true,"href":"https:\/\/home.onwheels.de\/index.php?rest_route=\/wp\/v2\/users\/1"}],"replies":[{"embeddable":true,"href":"https:\/\/home.onwheels.de\/index.php?rest_route=%2Fwp%2Fv2%2Fcomments&post=67"}],"version-history":[{"count":3,"href":"https:\/\/home.onwheels.de\/index.php?rest_route=\/wp\/v2\/pages\/67\/revisions"}],"predecessor-version":[{"id":1295,"href":"https:\/\/home.onwheels.de\/index.php?rest_route=\/wp\/v2\/pages\/67\/revisions\/1295"}],"wp:attachment":[{"href":"https:\/\/home.onwheels.de\/index.php?rest_route=%2Fwp%2Fv2%2Fmedia&parent=67"}],"curies":[{"name":"wp","href":"https:\/\/api.w.org\/{rel}","templated":true}]}}