{"id":69,"date":"2020-07-02T21:38:51","date_gmt":"2020-07-02T21:38:51","guid":{"rendered":"http:\/\/home.onwheels.de\/?page_id=69"},"modified":"2020-07-22T22:19:57","modified_gmt":"2020-07-22T20:19:57","slug":"versandarten","status":"publish","type":"page","link":"https:\/\/home.onwheels.de\/?page_id=69","title":{"rendered":"Versandarten"},"content":{"rendered":"\n<p>Unsere Produkte und Fahrkarten sind in der Regel versandkostenfrei.<\/p>\n\n\n\n<p>Sollte wir wegen Sondergr\u00f6\u00dfen der Produkte doch einmal Versandksoten berechnen, ist dies in der Beschreibung und \u00dcbersicht expliziet hervorgehoben.<\/p>\n","protected":false},"excerpt":{"rendered":"<p>Unsere Produkte und Fahrkarten sind in der Regel versandkostenfrei. Sollte wir wegen Sondergr\u00f6\u00dfen der Produkte doch einmal Versandksoten berechnen, ist dies in der Beschreibung und \u00dcbersicht expliziet hervorgehoben.<\/p>\n","protected":false},"author":1,"featured_media":0,"parent":0,"menu_order":0,"comment_status":"closed","ping_status":"closed","template":"","meta":{"footnotes":""},"class_list":["post-69","page","type-page","status-publish","hentry"],"_links":{"self":[{"href":"https:\/\/home.onwheels.de\/index.php?rest_route=\/wp\/v2\/pages\/69","targetHints":{"allow":["GET"]}}],"collection":[{"href":"https:\/\/home.onwheels.de\/index.php?rest_route=\/wp\/v2\/pages"}],"about":[{"href":"https:\/\/home.onwheels.de\/index.php?rest_route=\/wp\/v2\/types\/page"}],"author":[{"embeddable":true,"href":"https:\/\/home.onwheels.de\/index.php?rest_route=\/wp\/v2\/users\/1"}],"replies":[{"embeddable":true,"href":"https:\/\/home.onwheels.de\/index.php?rest_route=%2Fwp%2Fv2%2Fcomments&post=69"}],"version-history":[{"count":1,"href":"https:\/\/home.onwheels.de\/index.php?rest_route=\/wp\/v2\/pages\/69\/revisions"}],"predecessor-version":[{"id":411,"href":"https:\/\/home.onwheels.de\/index.php?rest_route=\/wp\/v2\/pages\/69\/revisions\/411"}],"wp:attachment":[{"href":"https:\/\/home.onwheels.de\/index.php?rest_route=%2Fwp%2Fv2%2Fmedia&parent=69"}],"curies":[{"name":"wp","href":"https:\/\/api.w.org\/{rel}","templated":true}]}}