{"id":737,"date":"2022-07-16T08:35:15","date_gmt":"2022-07-16T06:35:15","guid":{"rendered":"https:\/\/home.onwheels.de\/?page_id=737"},"modified":"2022-07-16T19:13:46","modified_gmt":"2022-07-16T17:13:46","slug":"nordirland-isle-of-man","status":"publish","type":"page","link":"https:\/\/home.onwheels.de\/?page_id=737","title":{"rendered":"Nordirland \/ Isle of Man"},"content":{"rendered":"\n<p class=\"has-text-align-center\"><strong>8. &#8211; 17. Juli 2022<\/strong><\/p>\n\n\n<div class=\"wp-block-image is-style-default\">\n<figure class=\"aligncenter size-large\"><img loading=\"lazy\" decoding=\"async\" width=\"1024\" height=\"678\" src=\"https:\/\/home.onwheels.de\/wp-content\/uploads\/2022\/07\/DSC0174-1024x678.jpg\" alt=\"\" class=\"wp-image-740\" srcset=\"https:\/\/home.onwheels.de\/wp-content\/uploads\/2022\/07\/DSC0174-1024x678.jpg 1024w, https:\/\/home.onwheels.de\/wp-content\/uploads\/2022\/07\/DSC0174-300x199.jpg 300w, https:\/\/home.onwheels.de\/wp-content\/uploads\/2022\/07\/DSC0174-150x99.jpg 150w, https:\/\/home.onwheels.de\/wp-content\/uploads\/2022\/07\/DSC0174-768x509.jpg 768w, https:\/\/home.onwheels.de\/wp-content\/uploads\/2022\/07\/DSC0174-1536x1017.jpg 1536w, https:\/\/home.onwheels.de\/wp-content\/uploads\/2022\/07\/DSC0174-2048x1356.jpg 2048w, https:\/\/home.onwheels.de\/wp-content\/uploads\/2022\/07\/DSC0174-600x397.jpg 600w\" sizes=\"auto, (max-width: 1024px) 100vw, 1024px\" \/><\/figure>\n<\/div>\n\n\n<p><strong>Freitag, 8. Juli 2022<\/strong><br>Anreise mit AerLingus von D\u00fcsseldorf nach Dublin. Von dort ging es dann stilecht mit dem NIR Enterprise Schnellzug von Belfast.<\/p>\n\n\n\n<p><strong>Samstag, 9. Juli 2022<br><\/strong><em>Eisenbahnmuseum in Whitehead<br><\/em>Der heutige Tag stand ganz im Zeichen der Geschichte der irischen Eisenbahnen. Die Railway Preservation Society of Ireland betreibt in Whitehead das einzige Normalspur-Museum (unter Normalspur verstehen wir hier dir irische Breitspur mit 1600mm) mit aktiven Dampfloks auf dem irischen Netz. Wir hatten zun\u00e4chst die Gelegenheit das Museum und die einzigartigen Fahrzeuge zu besichtigen; ein wahres Juwel, denn von vorne sieht das Museum eher klein aus, aber dahinter verbirgt sich eine Unmenge an Fahrzeugen und Werkst\u00e4tten. Das Museum wird ausschlie\u00dflich von Ehrenamtlichen betrieben und hat alle n\u00f6tigen Werkst\u00e4tten, um sogar eine Dampflok von Grund auf neu zu bauen. Von der Guinness 3BG Lok, einer 1919 Hudswell Clarke Satteltank Dampflok, gezogen, genossen wir im Zug auf dem Museumsgel\u00e4nde einen kurz Blick in die 1960er Jahre. Im Anschluss genossen wir dann noch einen Cream Tea im Bahnhofscafe.<\/p>\n\n\n\n<figure class=\"wp-block-gallery has-nested-images columns-default is-cropped wp-block-gallery-1 is-layout-flex wp-block-gallery-is-layout-flex\">\n<figure class=\"wp-block-image size-large\"><img loading=\"lazy\" decoding=\"async\" width=\"2560\" height=\"1696\" data-id=\"769\" src=\"https:\/\/home.onwheels.de\/wp-content\/uploads\/2022\/07\/DSC0040-scaled.jpg\" alt=\"\" class=\"wp-image-769\" srcset=\"https:\/\/home.onwheels.de\/wp-content\/uploads\/2022\/07\/DSC0040-scaled.jpg 2560w, https:\/\/home.onwheels.de\/wp-content\/uploads\/2022\/07\/DSC0040-300x199.jpg 300w, https:\/\/home.onwheels.de\/wp-content\/uploads\/2022\/07\/DSC0040-1024x678.jpg 1024w, https:\/\/home.onwheels.de\/wp-content\/uploads\/2022\/07\/DSC0040-150x99.jpg 150w, https:\/\/home.onwheels.de\/wp-content\/uploads\/2022\/07\/DSC0040-768x509.jpg 768w, https:\/\/home.onwheels.de\/wp-content\/uploads\/2022\/07\/DSC0040-1536x1017.jpg 1536w, https:\/\/home.onwheels.de\/wp-content\/uploads\/2022\/07\/DSC0040-2048x1356.jpg 2048w, https:\/\/home.onwheels.de\/wp-content\/uploads\/2022\/07\/DSC0040-600x397.jpg 600w\" sizes=\"auto, (max-width: 2560px) 100vw, 2560px\" \/><\/figure>\n\n\n\n<figure class=\"wp-block-image size-large\"><img loading=\"lazy\" decoding=\"async\" width=\"2560\" height=\"1696\" data-id=\"770\" src=\"https:\/\/home.onwheels.de\/wp-content\/uploads\/2022\/07\/DSC0045-scaled.jpg\" alt=\"\" class=\"wp-image-770\" srcset=\"https:\/\/home.onwheels.de\/wp-content\/uploads\/2022\/07\/DSC0045-scaled.jpg 2560w, https:\/\/home.onwheels.de\/wp-content\/uploads\/2022\/07\/DSC0045-300x199.jpg 300w, https:\/\/home.onwheels.de\/wp-content\/uploads\/2022\/07\/DSC0045-1024x678.jpg 1024w, https:\/\/home.onwheels.de\/wp-content\/uploads\/2022\/07\/DSC0045-150x99.jpg 150w, https:\/\/home.onwheels.de\/wp-content\/uploads\/2022\/07\/DSC0045-768x509.jpg 768w, https:\/\/home.onwheels.de\/wp-content\/uploads\/2022\/07\/DSC0045-1536x1017.jpg 1536w, https:\/\/home.onwheels.de\/wp-content\/uploads\/2022\/07\/DSC0045-2048x1356.jpg 2048w, https:\/\/home.onwheels.de\/wp-content\/uploads\/2022\/07\/DSC0045-600x397.jpg 600w\" sizes=\"auto, (max-width: 2560px) 100vw, 2560px\" \/><\/figure>\n\n\n\n<figure class=\"wp-block-image size-large\"><img loading=\"lazy\" decoding=\"async\" width=\"2560\" height=\"1696\" data-id=\"772\" src=\"https:\/\/home.onwheels.de\/wp-content\/uploads\/2022\/07\/DSC0052-scaled.jpg\" alt=\"\" class=\"wp-image-772\" srcset=\"https:\/\/home.onwheels.de\/wp-content\/uploads\/2022\/07\/DSC0052-scaled.jpg 2560w, https:\/\/home.onwheels.de\/wp-content\/uploads\/2022\/07\/DSC0052-300x199.jpg 300w, https:\/\/home.onwheels.de\/wp-content\/uploads\/2022\/07\/DSC0052-1024x678.jpg 1024w, https:\/\/home.onwheels.de\/wp-content\/uploads\/2022\/07\/DSC0052-150x99.jpg 150w, https:\/\/home.onwheels.de\/wp-content\/uploads\/2022\/07\/DSC0052-768x509.jpg 768w, https:\/\/home.onwheels.de\/wp-content\/uploads\/2022\/07\/DSC0052-1536x1017.jpg 1536w, https:\/\/home.onwheels.de\/wp-content\/uploads\/2022\/07\/DSC0052-2048x1356.jpg 2048w, https:\/\/home.onwheels.de\/wp-content\/uploads\/2022\/07\/DSC0052-600x397.jpg 600w\" sizes=\"auto, (max-width: 2560px) 100vw, 2560px\" \/><\/figure>\n\n\n\n<figure class=\"wp-block-image size-large\"><img loading=\"lazy\" decoding=\"async\" width=\"400\" height=\"266\" data-id=\"445\" src=\"https:\/\/home.onwheels.de\/wp-content\/uploads\/2020\/07\/SVR6.jpg\" alt=\"\" class=\"wp-image-445\" srcset=\"https:\/\/home.onwheels.de\/wp-content\/uploads\/2020\/07\/SVR6.jpg 400w, https:\/\/home.onwheels.de\/wp-content\/uploads\/2020\/07\/SVR6-300x200.jpg 300w, https:\/\/home.onwheels.de\/wp-content\/uploads\/2020\/07\/SVR6-150x100.jpg 150w\" sizes=\"auto, (max-width: 400px) 100vw, 400px\" \/><\/figure>\n\n\n\n<figure class=\"wp-block-image size-large\"><img loading=\"lazy\" decoding=\"async\" width=\"2560\" height=\"1696\" data-id=\"763\" src=\"https:\/\/home.onwheels.de\/wp-content\/uploads\/2022\/07\/DSC0054-scaled.jpg\" alt=\"\" class=\"wp-image-763\" srcset=\"https:\/\/home.onwheels.de\/wp-content\/uploads\/2022\/07\/DSC0054-scaled.jpg 2560w, https:\/\/home.onwheels.de\/wp-content\/uploads\/2022\/07\/DSC0054-300x199.jpg 300w, https:\/\/home.onwheels.de\/wp-content\/uploads\/2022\/07\/DSC0054-1024x678.jpg 1024w, https:\/\/home.onwheels.de\/wp-content\/uploads\/2022\/07\/DSC0054-150x99.jpg 150w, https:\/\/home.onwheels.de\/wp-content\/uploads\/2022\/07\/DSC0054-768x509.jpg 768w, https:\/\/home.onwheels.de\/wp-content\/uploads\/2022\/07\/DSC0054-1536x1017.jpg 1536w, https:\/\/home.onwheels.de\/wp-content\/uploads\/2022\/07\/DSC0054-2048x1356.jpg 2048w, https:\/\/home.onwheels.de\/wp-content\/uploads\/2022\/07\/DSC0054-600x397.jpg 600w\" sizes=\"auto, (max-width: 2560px) 100vw, 2560px\" \/><\/figure>\n\n\n\n<figure class=\"wp-block-image size-large\"><img loading=\"lazy\" decoding=\"async\" width=\"2560\" height=\"1696\" data-id=\"768\" src=\"https:\/\/home.onwheels.de\/wp-content\/uploads\/2022\/07\/DSC0036-scaled.jpg\" alt=\"\" class=\"wp-image-768\" srcset=\"https:\/\/home.onwheels.de\/wp-content\/uploads\/2022\/07\/DSC0036-scaled.jpg 2560w, https:\/\/home.onwheels.de\/wp-content\/uploads\/2022\/07\/DSC0036-300x199.jpg 300w, https:\/\/home.onwheels.de\/wp-content\/uploads\/2022\/07\/DSC0036-1024x678.jpg 1024w, https:\/\/home.onwheels.de\/wp-content\/uploads\/2022\/07\/DSC0036-150x99.jpg 150w, https:\/\/home.onwheels.de\/wp-content\/uploads\/2022\/07\/DSC0036-768x509.jpg 768w, https:\/\/home.onwheels.de\/wp-content\/uploads\/2022\/07\/DSC0036-1536x1017.jpg 1536w, https:\/\/home.onwheels.de\/wp-content\/uploads\/2022\/07\/DSC0036-2048x1356.jpg 2048w, https:\/\/home.onwheels.de\/wp-content\/uploads\/2022\/07\/DSC0036-600x397.jpg 600w\" sizes=\"auto, (max-width: 2560px) 100vw, 2560px\" \/><\/figure>\n<\/figure>\n\n\n\n<p><strong>Sonntag, 10. Juli 2022<br><\/strong><em>Ulster Transport Museum<br><\/em>Weitere gro\u00dfartige Zeugen des irischen Verkehrs erkundeten wir im Ulster Transport Museum. Hier konnten wir unter anderen Irlands gr\u00f6\u00dfte und schnellste (immerhin 154 km\/h) Dampflok &#8222;Maedb&#8220;, eine 2&#8217;C Maschine, die auch in Irland entworfen und 1939 gebaut wurde, bewundern. Das Museum stellt auf verschiedenen Ebenen die Geschichte des irischen Transportwesen auf der Stra\u00dfe und Schiene umfassend dar.<\/p>\n\n\n\n<figure class=\"wp-block-gallery has-nested-images columns-default is-cropped wp-block-gallery-2 is-layout-flex wp-block-gallery-is-layout-flex\">\n<figure class=\"wp-block-image size-large\"><img loading=\"lazy\" decoding=\"async\" width=\"1024\" height=\"678\" data-id=\"774\" src=\"https:\/\/home.onwheels.de\/wp-content\/uploads\/2022\/07\/DSC0079-1024x678.jpg\" alt=\"\" class=\"wp-image-774\" srcset=\"https:\/\/home.onwheels.de\/wp-content\/uploads\/2022\/07\/DSC0079-1024x678.jpg 1024w, https:\/\/home.onwheels.de\/wp-content\/uploads\/2022\/07\/DSC0079-300x199.jpg 300w, https:\/\/home.onwheels.de\/wp-content\/uploads\/2022\/07\/DSC0079-150x99.jpg 150w, https:\/\/home.onwheels.de\/wp-content\/uploads\/2022\/07\/DSC0079-768x509.jpg 768w, https:\/\/home.onwheels.de\/wp-content\/uploads\/2022\/07\/DSC0079-1536x1017.jpg 1536w, https:\/\/home.onwheels.de\/wp-content\/uploads\/2022\/07\/DSC0079-2048x1356.jpg 2048w, https:\/\/home.onwheels.de\/wp-content\/uploads\/2022\/07\/DSC0079-600x397.jpg 600w\" sizes=\"auto, (max-width: 1024px) 100vw, 1024px\" \/><\/figure>\n\n\n\n<figure class=\"wp-block-image size-large\"><img loading=\"lazy\" decoding=\"async\" width=\"1024\" height=\"678\" data-id=\"775\" src=\"https:\/\/home.onwheels.de\/wp-content\/uploads\/2022\/07\/DSC0080-1024x678.jpg\" alt=\"\" class=\"wp-image-775\" srcset=\"https:\/\/home.onwheels.de\/wp-content\/uploads\/2022\/07\/DSC0080-1024x678.jpg 1024w, https:\/\/home.onwheels.de\/wp-content\/uploads\/2022\/07\/DSC0080-300x199.jpg 300w, https:\/\/home.onwheels.de\/wp-content\/uploads\/2022\/07\/DSC0080-150x99.jpg 150w, https:\/\/home.onwheels.de\/wp-content\/uploads\/2022\/07\/DSC0080-768x509.jpg 768w, https:\/\/home.onwheels.de\/wp-content\/uploads\/2022\/07\/DSC0080-1536x1017.jpg 1536w, https:\/\/home.onwheels.de\/wp-content\/uploads\/2022\/07\/DSC0080-2048x1356.jpg 2048w, https:\/\/home.onwheels.de\/wp-content\/uploads\/2022\/07\/DSC0080-600x397.jpg 600w\" sizes=\"auto, (max-width: 1024px) 100vw, 1024px\" \/><\/figure>\n\n\n\n<figure class=\"wp-block-image size-large\"><img loading=\"lazy\" decoding=\"async\" width=\"1024\" height=\"678\" data-id=\"776\" src=\"https:\/\/home.onwheels.de\/wp-content\/uploads\/2022\/07\/DSC0081-1024x678.jpg\" alt=\"\" class=\"wp-image-776\" srcset=\"https:\/\/home.onwheels.de\/wp-content\/uploads\/2022\/07\/DSC0081-1024x678.jpg 1024w, https:\/\/home.onwheels.de\/wp-content\/uploads\/2022\/07\/DSC0081-300x199.jpg 300w, https:\/\/home.onwheels.de\/wp-content\/uploads\/2022\/07\/DSC0081-150x99.jpg 150w, https:\/\/home.onwheels.de\/wp-content\/uploads\/2022\/07\/DSC0081-768x509.jpg 768w, https:\/\/home.onwheels.de\/wp-content\/uploads\/2022\/07\/DSC0081-1536x1017.jpg 1536w, https:\/\/home.onwheels.de\/wp-content\/uploads\/2022\/07\/DSC0081-2048x1356.jpg 2048w, https:\/\/home.onwheels.de\/wp-content\/uploads\/2022\/07\/DSC0081-600x397.jpg 600w\" sizes=\"auto, (max-width: 1024px) 100vw, 1024px\" \/><\/figure>\n<\/figure>\n\n\n\n<p><strong>Montag, 11. Juli 2022<br><\/strong><em>Titanic Belfast<br><\/em>Belfast wird \u00fcberragt von den zwei gelben Portalkr\u00e4nen (Samson und Goliath) der Harland &amp; Wulff Werft, in der die Titanic und viele andere ber\u00fchmte Schiffe gebaut wurden. Mittlerweile werden hier keine Schiffe mehr gebaut und es ist ein faszinierendes Museum \u00fcber die Titanic entstanden. Das Museum vermittelt die Geschichte des industriellen Belfast ebenso wie das Gef\u00fchl ein Werftarbeiter an der Titanic zu sein. Das Beiboot der Titanic, die SS Nomadic liegt ebenfalls dort und vermittelt ein Gef\u00fchl des Lebens auf Schiffen zur Zeit der Titanic.<\/p>\n\n\n\n<figure class=\"wp-block-gallery has-nested-images columns-default is-cropped wp-block-gallery-3 is-layout-flex wp-block-gallery-is-layout-flex\">\n<figure class=\"wp-block-image size-large\"><img loading=\"lazy\" decoding=\"async\" width=\"1024\" height=\"678\" data-id=\"778\" src=\"https:\/\/home.onwheels.de\/wp-content\/uploads\/2022\/07\/DSC0089-1024x678.jpg\" alt=\"\" class=\"wp-image-778\" srcset=\"https:\/\/home.onwheels.de\/wp-content\/uploads\/2022\/07\/DSC0089-1024x678.jpg 1024w, https:\/\/home.onwheels.de\/wp-content\/uploads\/2022\/07\/DSC0089-300x199.jpg 300w, https:\/\/home.onwheels.de\/wp-content\/uploads\/2022\/07\/DSC0089-150x99.jpg 150w, https:\/\/home.onwheels.de\/wp-content\/uploads\/2022\/07\/DSC0089-768x509.jpg 768w, https:\/\/home.onwheels.de\/wp-content\/uploads\/2022\/07\/DSC0089-1536x1017.jpg 1536w, https:\/\/home.onwheels.de\/wp-content\/uploads\/2022\/07\/DSC0089-2048x1356.jpg 2048w, https:\/\/home.onwheels.de\/wp-content\/uploads\/2022\/07\/DSC0089-600x397.jpg 600w\" sizes=\"auto, (max-width: 1024px) 100vw, 1024px\" \/><\/figure>\n\n\n\n<figure class=\"wp-block-image size-large\"><img loading=\"lazy\" decoding=\"async\" width=\"1024\" height=\"678\" data-id=\"779\" src=\"https:\/\/home.onwheels.de\/wp-content\/uploads\/2022\/07\/DSC0091-1024x678.jpg\" alt=\"\" class=\"wp-image-779\" srcset=\"https:\/\/home.onwheels.de\/wp-content\/uploads\/2022\/07\/DSC0091-1024x678.jpg 1024w, https:\/\/home.onwheels.de\/wp-content\/uploads\/2022\/07\/DSC0091-300x199.jpg 300w, https:\/\/home.onwheels.de\/wp-content\/uploads\/2022\/07\/DSC0091-150x99.jpg 150w, https:\/\/home.onwheels.de\/wp-content\/uploads\/2022\/07\/DSC0091-768x509.jpg 768w, https:\/\/home.onwheels.de\/wp-content\/uploads\/2022\/07\/DSC0091-1536x1017.jpg 1536w, https:\/\/home.onwheels.de\/wp-content\/uploads\/2022\/07\/DSC0091-2048x1356.jpg 2048w, https:\/\/home.onwheels.de\/wp-content\/uploads\/2022\/07\/DSC0091-600x397.jpg 600w\" sizes=\"auto, (max-width: 1024px) 100vw, 1024px\" \/><\/figure>\n\n\n\n<figure class=\"wp-block-image size-large\"><img loading=\"lazy\" decoding=\"async\" width=\"1024\" height=\"768\" data-id=\"777\" src=\"https:\/\/home.onwheels.de\/wp-content\/uploads\/2022\/07\/fish-1024x768.jpg\" alt=\"\" class=\"wp-image-777\" srcset=\"https:\/\/home.onwheels.de\/wp-content\/uploads\/2022\/07\/fish-1024x768.jpg 1024w, https:\/\/home.onwheels.de\/wp-content\/uploads\/2022\/07\/fish-300x225.jpg 300w, https:\/\/home.onwheels.de\/wp-content\/uploads\/2022\/07\/fish-150x113.jpg 150w, https:\/\/home.onwheels.de\/wp-content\/uploads\/2022\/07\/fish-768x576.jpg 768w, https:\/\/home.onwheels.de\/wp-content\/uploads\/2022\/07\/fish-1536x1152.jpg 1536w, https:\/\/home.onwheels.de\/wp-content\/uploads\/2022\/07\/fish-2048x1536.jpg 2048w, https:\/\/home.onwheels.de\/wp-content\/uploads\/2022\/07\/fish-600x450.jpg 600w\" sizes=\"auto, (max-width: 1024px) 100vw, 1024px\" \/><\/figure>\n<\/figure>\n\n\n\n<p><strong>Dienstag, 12. Juli 2022<br><\/strong><em>\u00dcberfahrt zur Isle of Man<br><\/em>Wir setzten mit der Katamaranf\u00e4hre bei 60km\/h auf die Isle of Man \u00fcber und erreichten nach drei Stunden Douglas, die Hauptstadt der Insel. Unser Hotel Ellan Vannin (das ist \u00fcbrigens der Name der Isle of Man in der lokalen Sprache Manx) lag fu\u00dfl\u00e4ufig erreichbar direkt an der Promenade mit bestem Blick auf die Bucht.<\/p>\n\n\n\n<p><strong>Mittwoch, 13. Juli 2022<br><\/strong><em>Electric Railway, Snaefell Mountain und Groudle Glen<br><\/em>Nicht nur die Architektur erinnert an den Anfang des letzten Jahrhunderts, auch das gesamte Eisenbahnnetz wurde zu der Zeit erbaut und ist seitdem so erhalten und aktiv. Auf der Insel sind alle Traktionsarten vorhanden. Heute begannen wir mit Strom. Mit der IOM Electric Railway, die Douglas mit der n\u00f6rdlich gelegenen Stadt Ramsey verbindet, fuhren wir bis nach Laxey. Dort war auch das Wahrzeichen der Insel, das Laxey Wheel, zu bewundern. Es ist ein gigantisches Wasserrad, das Pumpen des nahegelegenen Bergwerkes antrieb. Es ging nun auf den h\u00f6chsten Berg der Insel, den Snaefell. Wir genossen bei fantastischem Wetter die Aussicht auf 7 K\u00f6nigreiche. Am Abend erkundeten wir die Groudle Glen Bahn, die ausschlie\u00dflich f\u00fcr touristische Zwecke gebaut wurde und Neugierige zum mittlerweile verfallenen Zoo in den Klippen brachte.<\/p>\n\n\n\n<figure class=\"wp-block-gallery has-nested-images columns-default is-cropped wp-block-gallery-4 is-layout-flex wp-block-gallery-is-layout-flex\">\n<figure class=\"wp-block-image size-large\"><img loading=\"lazy\" decoding=\"async\" width=\"1024\" height=\"683\" data-id=\"781\" src=\"https:\/\/home.onwheels.de\/wp-content\/uploads\/2022\/07\/horse-1024x683.jpg\" alt=\"\" class=\"wp-image-781\" srcset=\"https:\/\/home.onwheels.de\/wp-content\/uploads\/2022\/07\/horse-1024x683.jpg 1024w, https:\/\/home.onwheels.de\/wp-content\/uploads\/2022\/07\/horse-300x200.jpg 300w, https:\/\/home.onwheels.de\/wp-content\/uploads\/2022\/07\/horse-150x100.jpg 150w, https:\/\/home.onwheels.de\/wp-content\/uploads\/2022\/07\/horse-768x512.jpg 768w, https:\/\/home.onwheels.de\/wp-content\/uploads\/2022\/07\/horse-1536x1024.jpg 1536w, https:\/\/home.onwheels.de\/wp-content\/uploads\/2022\/07\/horse-600x400.jpg 600w, https:\/\/home.onwheels.de\/wp-content\/uploads\/2022\/07\/horse.jpg 1620w\" sizes=\"auto, (max-width: 1024px) 100vw, 1024px\" \/><\/figure>\n\n\n\n<figure class=\"wp-block-image size-large\"><img loading=\"lazy\" decoding=\"async\" width=\"1024\" height=\"678\" data-id=\"783\" src=\"https:\/\/home.onwheels.de\/wp-content\/uploads\/2022\/07\/DSC0115-1024x678.jpg\" alt=\"\" class=\"wp-image-783\" srcset=\"https:\/\/home.onwheels.de\/wp-content\/uploads\/2022\/07\/DSC0115-1024x678.jpg 1024w, https:\/\/home.onwheels.de\/wp-content\/uploads\/2022\/07\/DSC0115-300x199.jpg 300w, https:\/\/home.onwheels.de\/wp-content\/uploads\/2022\/07\/DSC0115-150x99.jpg 150w, https:\/\/home.onwheels.de\/wp-content\/uploads\/2022\/07\/DSC0115-768x509.jpg 768w, https:\/\/home.onwheels.de\/wp-content\/uploads\/2022\/07\/DSC0115-1536x1017.jpg 1536w, https:\/\/home.onwheels.de\/wp-content\/uploads\/2022\/07\/DSC0115-2048x1356.jpg 2048w, https:\/\/home.onwheels.de\/wp-content\/uploads\/2022\/07\/DSC0115-600x397.jpg 600w\" sizes=\"auto, (max-width: 1024px) 100vw, 1024px\" \/><\/figure>\n\n\n\n<figure class=\"wp-block-image size-large\"><img loading=\"lazy\" decoding=\"async\" width=\"1024\" height=\"678\" data-id=\"784\" src=\"https:\/\/home.onwheels.de\/wp-content\/uploads\/2022\/07\/DSC0121-1024x678.jpg\" alt=\"\" class=\"wp-image-784\" srcset=\"https:\/\/home.onwheels.de\/wp-content\/uploads\/2022\/07\/DSC0121-1024x678.jpg 1024w, https:\/\/home.onwheels.de\/wp-content\/uploads\/2022\/07\/DSC0121-300x199.jpg 300w, https:\/\/home.onwheels.de\/wp-content\/uploads\/2022\/07\/DSC0121-150x99.jpg 150w, https:\/\/home.onwheels.de\/wp-content\/uploads\/2022\/07\/DSC0121-768x509.jpg 768w, https:\/\/home.onwheels.de\/wp-content\/uploads\/2022\/07\/DSC0121-1536x1017.jpg 1536w, https:\/\/home.onwheels.de\/wp-content\/uploads\/2022\/07\/DSC0121-2048x1356.jpg 2048w, https:\/\/home.onwheels.de\/wp-content\/uploads\/2022\/07\/DSC0121-600x397.jpg 600w\" sizes=\"auto, (max-width: 1024px) 100vw, 1024px\" \/><\/figure>\n\n\n\n<figure class=\"wp-block-image size-large\"><img loading=\"lazy\" decoding=\"async\" width=\"1024\" height=\"678\" data-id=\"790\" src=\"https:\/\/home.onwheels.de\/wp-content\/uploads\/2022\/07\/DSC0133-1024x678.jpg\" alt=\"\" class=\"wp-image-790\" srcset=\"https:\/\/home.onwheels.de\/wp-content\/uploads\/2022\/07\/DSC0133-1024x678.jpg 1024w, https:\/\/home.onwheels.de\/wp-content\/uploads\/2022\/07\/DSC0133-300x199.jpg 300w, https:\/\/home.onwheels.de\/wp-content\/uploads\/2022\/07\/DSC0133-150x99.jpg 150w, https:\/\/home.onwheels.de\/wp-content\/uploads\/2022\/07\/DSC0133-768x509.jpg 768w, https:\/\/home.onwheels.de\/wp-content\/uploads\/2022\/07\/DSC0133-1536x1017.jpg 1536w, https:\/\/home.onwheels.de\/wp-content\/uploads\/2022\/07\/DSC0133-2048x1356.jpg 2048w, https:\/\/home.onwheels.de\/wp-content\/uploads\/2022\/07\/DSC0133-600x397.jpg 600w\" sizes=\"auto, (max-width: 1024px) 100vw, 1024px\" \/><\/figure>\n\n\n\n<figure class=\"wp-block-image size-large\"><img loading=\"lazy\" decoding=\"async\" width=\"1024\" height=\"768\" data-id=\"782\" src=\"https:\/\/home.onwheels.de\/wp-content\/uploads\/2022\/07\/Groudle-1024x768.jpg\" alt=\"\" class=\"wp-image-782\" srcset=\"https:\/\/home.onwheels.de\/wp-content\/uploads\/2022\/07\/Groudle-1024x768.jpg 1024w, https:\/\/home.onwheels.de\/wp-content\/uploads\/2022\/07\/Groudle-300x225.jpg 300w, https:\/\/home.onwheels.de\/wp-content\/uploads\/2022\/07\/Groudle-150x113.jpg 150w, https:\/\/home.onwheels.de\/wp-content\/uploads\/2022\/07\/Groudle-768x576.jpg 768w, https:\/\/home.onwheels.de\/wp-content\/uploads\/2022\/07\/Groudle-1536x1152.jpg 1536w, https:\/\/home.onwheels.de\/wp-content\/uploads\/2022\/07\/Groudle-600x450.jpg 600w, https:\/\/home.onwheels.de\/wp-content\/uploads\/2022\/07\/Groudle.jpg 2016w\" sizes=\"auto, (max-width: 1024px) 100vw, 1024px\" \/><\/figure>\n<\/figure>\n\n\n\n<p><strong>Donnerstag, 14. Juli 2022<br><\/strong><em>IOM Steam Railway<br><\/em>Heute ging es mit der IOM Steam Railway in den S\u00fcden der Insel nach Port Erin. Auch diese Fahrzeuge stammen, genauso, wie die am Vortag genutzten, noch aus den Anf\u00e4ngen des letzten Jahrhunderts. Wir erkundeten das vertr\u00e4umte Hafenst\u00e4dtchen Port Erin und nutzen ausgiebig unser 3 Tage Rover Ticket, mit dem jeder nach Belieben f\u00fcr drei Tage alle Verkehrsmittel der Insel nutzen konnte.<\/p>\n\n\n\n<figure class=\"wp-block-gallery has-nested-images columns-default is-cropped wp-block-gallery-5 is-layout-flex wp-block-gallery-is-layout-flex\">\n<figure class=\"wp-block-image size-large\"><img loading=\"lazy\" decoding=\"async\" width=\"1024\" height=\"678\" data-id=\"789\" src=\"https:\/\/home.onwheels.de\/wp-content\/uploads\/2022\/07\/DSC0145-1024x678.jpg\" alt=\"\" class=\"wp-image-789\" srcset=\"https:\/\/home.onwheels.de\/wp-content\/uploads\/2022\/07\/DSC0145-1024x678.jpg 1024w, https:\/\/home.onwheels.de\/wp-content\/uploads\/2022\/07\/DSC0145-300x199.jpg 300w, https:\/\/home.onwheels.de\/wp-content\/uploads\/2022\/07\/DSC0145-150x99.jpg 150w, https:\/\/home.onwheels.de\/wp-content\/uploads\/2022\/07\/DSC0145-768x509.jpg 768w, https:\/\/home.onwheels.de\/wp-content\/uploads\/2022\/07\/DSC0145-1536x1017.jpg 1536w, https:\/\/home.onwheels.de\/wp-content\/uploads\/2022\/07\/DSC0145-2048x1356.jpg 2048w, https:\/\/home.onwheels.de\/wp-content\/uploads\/2022\/07\/DSC0145-600x397.jpg 600w\" sizes=\"auto, (max-width: 1024px) 100vw, 1024px\" \/><\/figure>\n\n\n\n<figure class=\"wp-block-image size-large\"><img loading=\"lazy\" decoding=\"async\" width=\"1024\" height=\"678\" data-id=\"788\" src=\"https:\/\/home.onwheels.de\/wp-content\/uploads\/2022\/07\/DSC0153-1024x678.jpg\" alt=\"\" class=\"wp-image-788\" srcset=\"https:\/\/home.onwheels.de\/wp-content\/uploads\/2022\/07\/DSC0153-1024x678.jpg 1024w, https:\/\/home.onwheels.de\/wp-content\/uploads\/2022\/07\/DSC0153-300x199.jpg 300w, https:\/\/home.onwheels.de\/wp-content\/uploads\/2022\/07\/DSC0153-150x99.jpg 150w, https:\/\/home.onwheels.de\/wp-content\/uploads\/2022\/07\/DSC0153-768x509.jpg 768w, https:\/\/home.onwheels.de\/wp-content\/uploads\/2022\/07\/DSC0153-1536x1017.jpg 1536w, https:\/\/home.onwheels.de\/wp-content\/uploads\/2022\/07\/DSC0153-2048x1356.jpg 2048w, https:\/\/home.onwheels.de\/wp-content\/uploads\/2022\/07\/DSC0153-600x397.jpg 600w\" sizes=\"auto, (max-width: 1024px) 100vw, 1024px\" \/><\/figure>\n\n\n\n<figure class=\"wp-block-image size-large\"><img loading=\"lazy\" decoding=\"async\" width=\"1024\" height=\"678\" data-id=\"787\" src=\"https:\/\/home.onwheels.de\/wp-content\/uploads\/2022\/07\/DSC0170-1024x678.jpg\" alt=\"\" class=\"wp-image-787\" srcset=\"https:\/\/home.onwheels.de\/wp-content\/uploads\/2022\/07\/DSC0170-1024x678.jpg 1024w, https:\/\/home.onwheels.de\/wp-content\/uploads\/2022\/07\/DSC0170-300x199.jpg 300w, https:\/\/home.onwheels.de\/wp-content\/uploads\/2022\/07\/DSC0170-150x99.jpg 150w, https:\/\/home.onwheels.de\/wp-content\/uploads\/2022\/07\/DSC0170-768x509.jpg 768w, https:\/\/home.onwheels.de\/wp-content\/uploads\/2022\/07\/DSC0170-1536x1017.jpg 1536w, https:\/\/home.onwheels.de\/wp-content\/uploads\/2022\/07\/DSC0170-2048x1356.jpg 2048w, https:\/\/home.onwheels.de\/wp-content\/uploads\/2022\/07\/DSC0170-600x397.jpg 600w\" sizes=\"auto, (max-width: 1024px) 100vw, 1024px\" \/><\/figure>\n<\/figure>\n\n\n\n<p><strong>Freitag, 15. Juli 2022<br><\/strong>Dieser Tag stand den Teilnehmern zur freien Verf\u00fcgung. Die meisten nutzen das Rover Ticket f\u00fcr eine Inselrundfahrt und erkundeten Peel im Westen und Ramsey im Norden der Insel.<\/p>\n\n\n\n<p><strong>Samstag, 16. Juli 2022<br><\/strong><em>Liverpool<br><\/em>Wieder mit der Katamaranf\u00e4hre fuhren wir in aller Fr\u00fche nach Liverpool und hatten dort noch einen halben Tag zur Verf\u00fcgung, die Stadt und tolle Museen (Liverpool Museum, Beatles Museum) zu erkunden.<\/p>\n\n\n\n<p><strong>Sonntag, 17. Juli 2022<br><\/strong>Mit den Zug fuhren wir \u00fcber London und Br\u00fcssel wieder in die Heimat.<\/p>\n\n\n\n<p><\/p>\n","protected":false},"excerpt":{"rendered":"<p>8. &#8211; 17. Juli 2022 Freitag, 8. Juli 2022Anreise mit AerLingus von D\u00fcsseldorf nach Dublin. Von dort ging es dann stilecht mit dem NIR Enterprise Schnellzug von Belfast. Samstag, 9. Juli 2022Eisenbahnmuseum in WhiteheadDer heutige Tag stand ganz im Zeichen&hellip; <\/p>\n","protected":false},"author":1,"featured_media":0,"parent":734,"menu_order":5,"comment_status":"closed","ping_status":"closed","template":"","meta":{"footnotes":""},"class_list":["post-737","page","type-page","status-publish","hentry"],"_links":{"self":[{"href":"https:\/\/home.onwheels.de\/index.php?rest_route=\/wp\/v2\/pages\/737","targetHints":{"allow":["GET"]}}],"collection":[{"href":"https:\/\/home.onwheels.de\/index.php?rest_route=\/wp\/v2\/pages"}],"about":[{"href":"https:\/\/home.onwheels.de\/index.php?rest_route=\/wp\/v2\/types\/page"}],"author":[{"embeddable":true,"href":"https:\/\/home.onwheels.de\/index.php?rest_route=\/wp\/v2\/users\/1"}],"replies":[{"embeddable":true,"href":"https:\/\/home.onwheels.de\/index.php?rest_route=%2Fwp%2Fv2%2Fcomments&post=737"}],"version-history":[{"count":16,"href":"https:\/\/home.onwheels.de\/index.php?rest_route=\/wp\/v2\/pages\/737\/revisions"}],"predecessor-version":[{"id":791,"href":"https:\/\/home.onwheels.de\/index.php?rest_route=\/wp\/v2\/pages\/737\/revisions\/791"}],"up":[{"embeddable":true,"href":"https:\/\/home.onwheels.de\/index.php?rest_route=\/wp\/v2\/pages\/734"}],"wp:attachment":[{"href":"https:\/\/home.onwheels.de\/index.php?rest_route=%2Fwp%2Fv2%2Fmedia&parent=737"}],"curies":[{"name":"wp","href":"https:\/\/api.w.org\/{rel}","templated":true}]}}