{"id":8,"date":"2020-07-01T19:48:59","date_gmt":"2020-07-01T17:48:59","guid":{"rendered":"http:\/\/home.onwheels.de\/?page_id=8"},"modified":"2026-01-04T19:32:20","modified_gmt":"2026-01-04T17:32:20","slug":"ueber-onwheels","status":"publish","type":"page","link":"https:\/\/home.onwheels.de\/?page_id=8","title":{"rendered":"\u00dcber OnWheels"},"content":{"rendered":"<p style=\"text-align: justify;\">Liebe Eisenbahnfreundinnen, liebe Eisenbahnfreunde,<img loading=\"lazy\" decoding=\"async\" class=\" wp-image-25 alignright\" src=\"http:\/\/home.onwheels.de\/wp-content\/uploads\/2020\/07\/OnWheels2-300x252.jpg\" alt=\"\" width=\"285\" height=\"239\" srcset=\"https:\/\/home.onwheels.de\/wp-content\/uploads\/2020\/07\/OnWheels2-300x252.jpg 300w, https:\/\/home.onwheels.de\/wp-content\/uploads\/2020\/07\/OnWheels2.jpg 390w\" sizes=\"auto, (max-width: 285px) 100vw, 285px\" \/><br \/>hervorgegangen aus der 1991 gegr\u00fcndeten Initiative Nostalgiefahrten Dorsten und Haltern bieten wir, der gemeinn\u00fctzige Verein Eisenbahnfreunde OnWheels e.V., erlebnisreiche Fahrten mit historischen und ungew\u00f6hnlichen Schienenfahrzeugen zu interessanten Zielen an. Dabei sollen sowohl die Freunde historischer Lokomotiven und Wagen auf ihre Kosten kommen wie Fahrg\u00e4ste, die mit der Bahn einen sch\u00f6nen Ausflug erleben wollen.<br \/>Wir besitzen keine eigenen Fahrzeuge, sondern setzen f\u00fcr unsere Sonderfahrten unterschiedliche historische Lokomotiven verschiedener Museumsbahnen und Eisenbahnunternehmen ein. So hat jede Fahrt ihren eigenen, unverwechselbaren Charakter. Unsere Z\u00fcge starten in der Regel in Dorsten oder in Recklinghausen und Haltern am See. Abh\u00e4ngig vom Laufweg des Zuges beziehen wir weitere Bahnh\u00f6fe zum Einstieg mit ein.<br \/>Seit einigen Jahren betreuen wir einen dreiteiligen Schienenbus aus den 1950er Jahren, den Reviersprinter, den wir f\u00fcr Touren in die n\u00e4here Umgebung von Dorsten einsetzen. Sehr beliebt sind unsere Nikolausfahrten, die auf die Dorstener Hafenbahn f\u00fchren, wo der Nikolaus zusteigt und die Kinder beschert.<br \/>Jedes Jahr bietet unser Verein auch mehrt\u00e4gige Gruppenfahrten mit der Bahn an, bei denen Museumsbahnen besucht und Strecken befahren werden, die besonders reizvoll sind.<br \/>Nutzen Sie unseren Newsletter, um rechtzeitig von unseren Angeboten zu erfahren.<br \/>Besonders interessiert uns die Eisenbahngeschichte der n\u00e4heren Umgebung. In Dorsten treten wir f\u00fcr eine St\u00e4rkung des Schienenverkehrs ein.<br \/>Ganz besonders lag uns die Erhaltung des denkmalgesch\u00fctzten Bahnhofs Dorsten am Herzen. In der \u201eBahnhofsfamilie\u201c begleiteten wir die aufw\u00e4ndige Instandsetzung des Geb\u00e4udes und seines Umfeldes. Seit Februar 2024 wird der gemeinn\u00fctzige B\u00fcrgerbahnhof mit Restaurantbetrieb eifrig genutzt, u.a. auch f\u00fcr Veranstaltungen und Vortr\u00e4ge der Eisenbahnfreunde OnWheels.<\/p>\n<p>Es gr\u00fc\u00dfen Sie herzlich<\/p>\n<p>Ihre Eisenbahnfreunde OnWheels e.V.<\/p>\n\n\n<div class=\"wp-block-group\"><div class=\"wp-block-group__inner-container is-layout-flow wp-block-group-is-layout-flow\">\n<div class=\"wp-block-group\"><div class=\"wp-block-group__inner-container is-layout-flow wp-block-group-is-layout-flow\"><\/div><\/div>\n<\/div><\/div>\n\n\n\n<div class=\"wp-block-group\"><div class=\"wp-block-group__inner-container is-layout-flow wp-block-group-is-layout-flow\">\n<div class=\"wp-block-group\"><div class=\"wp-block-group__inner-container is-layout-flow wp-block-group-is-layout-flow\"><\/div><\/div>\n<\/div><\/div>\n","protected":false},"excerpt":{"rendered":"<p>Liebe Eisenbahnfreundinnen, liebe Eisenbahnfreunde,hervorgegangen aus der 1991 gegr\u00fcndeten Initiative Nostalgiefahrten Dorsten und Haltern bieten wir, der gemeinn\u00fctzige Verein Eisenbahnfreunde OnWheels e.V., erlebnisreiche Fahrten mit historischen und ungew\u00f6hnlichen Schienenfahrzeugen zu interessanten Zielen an. Dabei sollen sowohl die Freunde historischer Lokomotiven und&hellip; <\/p>\n","protected":false},"author":1,"featured_media":0,"parent":0,"menu_order":0,"comment_status":"closed","ping_status":"closed","template":"","meta":{"footnotes":""},"class_list":["post-8","page","type-page","status-publish","hentry"],"_links":{"self":[{"href":"https:\/\/home.onwheels.de\/index.php?rest_route=\/wp\/v2\/pages\/8","targetHints":{"allow":["GET"]}}],"collection":[{"href":"https:\/\/home.onwheels.de\/index.php?rest_route=\/wp\/v2\/pages"}],"about":[{"href":"https:\/\/home.onwheels.de\/index.php?rest_route=\/wp\/v2\/types\/page"}],"author":[{"embeddable":true,"href":"https:\/\/home.onwheels.de\/index.php?rest_route=\/wp\/v2\/users\/1"}],"replies":[{"embeddable":true,"href":"https:\/\/home.onwheels.de\/index.php?rest_route=%2Fwp%2Fv2%2Fcomments&post=8"}],"version-history":[{"count":5,"href":"https:\/\/home.onwheels.de\/index.php?rest_route=\/wp\/v2\/pages\/8\/revisions"}],"predecessor-version":[{"id":1808,"href":"https:\/\/home.onwheels.de\/index.php?rest_route=\/wp\/v2\/pages\/8\/revisions\/1808"}],"wp:attachment":[{"href":"https:\/\/home.onwheels.de\/index.php?rest_route=%2Fwp%2Fv2%2Fmedia&parent=8"}],"curies":[{"name":"wp","href":"https:\/\/api.w.org\/{rel}","templated":true}]}}