{"id":9,"date":"2020-07-01T19:48:59","date_gmt":"2020-07-01T19:48:59","guid":{"rendered":"http:\/\/home.onwheels.de\/?page_id=9"},"modified":"2020-07-09T19:46:49","modified_gmt":"2020-07-09T17:46:49","slug":"tagefahrten","status":"publish","type":"page","link":"https:\/\/home.onwheels.de\/?page_id=9","title":{"rendered":"R\u00fcckblick"},"content":{"rendered":"\n<p>Hier finden Sie eine Auswahl fotografischer Impressionen vergangenen Fahrten.<\/p>\n\n\n\n<p>Tagesfahrten f\u00fchrten uns zu Nordseeinseln, zum Hafengeburtstag in Hamburg, zum verh\u00fcllten Reichstag in Berlin und zu Weihnachtsm\u00e4rkten in Erfurt, L\u00fcbeck oder Heidelberg.<\/p>\n\n\n\n<p>Auf mehrt\u00e4gigen Gruppenfahrten erkundeten wir Museumsbahnen und atemberaubende Bahnstrecken in den USA, in Skandinavien, der Schweiz, Schottland und vielen weiteren L\u00e4ndern.<\/p>\n\n\n\n<p>Und mit dem Schienenbus waren wir in und rund um Dorsten unterwegs.<\/p>\n","protected":false},"excerpt":{"rendered":"<p>Hier finden Sie eine Auswahl fotografischer Impressionen vergangenen Fahrten. Tagesfahrten f\u00fchrten uns zu Nordseeinseln, zum Hafengeburtstag in Hamburg, zum verh\u00fcllten Reichstag in Berlin und zu Weihnachtsm\u00e4rkten in Erfurt, L\u00fcbeck oder Heidelberg. Auf mehrt\u00e4gigen Gruppenfahrten erkundeten wir Museumsbahnen und atemberaubende Bahnstrecken&hellip; <\/p>\n","protected":false},"author":1,"featured_media":0,"parent":0,"menu_order":0,"comment_status":"closed","ping_status":"closed","template":"","meta":{"footnotes":""},"class_list":["post-9","page","type-page","status-publish","hentry"],"_links":{"self":[{"href":"https:\/\/home.onwheels.de\/index.php?rest_route=\/wp\/v2\/pages\/9","targetHints":{"allow":["GET"]}}],"collection":[{"href":"https:\/\/home.onwheels.de\/index.php?rest_route=\/wp\/v2\/pages"}],"about":[{"href":"https:\/\/home.onwheels.de\/index.php?rest_route=\/wp\/v2\/types\/page"}],"author":[{"embeddable":true,"href":"https:\/\/home.onwheels.de\/index.php?rest_route=\/wp\/v2\/users\/1"}],"replies":[{"embeddable":true,"href":"https:\/\/home.onwheels.de\/index.php?rest_route=%2Fwp%2Fv2%2Fcomments&post=9"}],"version-history":[{"count":7,"href":"https:\/\/home.onwheels.de\/index.php?rest_route=\/wp\/v2\/pages\/9\/revisions"}],"predecessor-version":[{"id":325,"href":"https:\/\/home.onwheels.de\/index.php?rest_route=\/wp\/v2\/pages\/9\/revisions\/325"}],"wp:attachment":[{"href":"https:\/\/home.onwheels.de\/index.php?rest_route=%2Fwp%2Fv2%2Fmedia&parent=9"}],"curies":[{"name":"wp","href":"https:\/\/api.w.org\/{rel}","templated":true}]}}