{"id":1431,"date":"2024-11-17T14:50:54","date_gmt":"2024-11-17T12:50:54","guid":{"rendered":"https:\/\/home.onwheels.de\/?post_type=product&#038;p=1431"},"modified":"2025-05-25T18:28:16","modified_gmt":"2025-05-25T16:28:16","slug":"luzern-und-die-bergregion","status":"publish","type":"product","link":"https:\/\/home.onwheels.de\/?product=luzern-und-die-bergregion","title":{"rendered":"Luzern und die Bergregion"},"content":{"rendered":"<p>Unsere n\u00e4chste Gruppenfahrt f\u00fchrt uns nach Luzern und die Bergregion um den Vierwaldst\u00e4ttersee.<\/p>\n<p>Wir fahren am Samstag, 30.08.2025 von Essen nach Luzern und genie\u00dfen neben der historischen Stadt das Verkehrshaus. Mit historischen Bahnen erklimmen wir Rigi und Pilatus, fahren mit der Brienzer Rothorn Bahn und beobachten den Dampfzug der Br\u00fcnig Bahn am Brienzer See. Abgerundet wird das Erlebnis mit Fahrten auf dem Vierwaldst\u00e4tter See. Am Samstag, 06.09.2025 geht es dann mit der Bahn wieder zur\u00fcck.<\/p>\n<p>Einen detaillierten Reiseplan finden sie <a href=\"https:\/\/home.onwheels.de\/?page_id=134\">hier<\/a>.<\/p>\n<p>Im Reisepreis enthalten sind Anreise mit der Bahn ab Essen, \u00dcbernachtungen in einem Hotel der Mittelklasse in Luzern mit Fr\u00fchst\u00fcck, alle Fahrten und Museumseintritte.<\/p>\n<p>Wir rechnen mit einem Preis pro Person im Doppelzimmer von 1899\u20ac und im Einzelzimmer von 2499\u20ac.<\/p>\n<p>Beachten Sie bitte auch unsere AGB und sichern Sie Ihre Reise durch eine Reiser\u00fccktrittsversicherung ab.<\/p>\n<p>Wenn Sie Interesse an der Reise haben, nennen sie hier im Shop die Anzahl der Doppel- bzw. Einzelzimmer, die sie w\u00fcnschen. <strong>WICHTIG: Es handelt sich bei Ihrer Bestellung nur um eine Interessensbekundung und noch keine garantierte Buchung.<\/strong> Wir m\u00f6chten darauf hinweisen, dass wir andere Interessenbekundungen aus organisatorischen Gr\u00fcnden nicht ber\u00fccksichtigen k\u00f6nnen. Da die Zahl der Pl\u00e4tze sehr begrenzt ist, k\u00f6nnen wir m\u00f6glicherweise nicht jedem Interessenten ein Angebot machen. Wir bitten um Verst\u00e4ndnis.<\/p>\n","protected":false},"excerpt":{"rendered":"<p>Luzern \/ Vierwaldst\u00e4ttersee<\/p>\n<p>30.08.-06.09.2025<\/p>\n","protected":false},"featured_media":1436,"comment_status":"closed","ping_status":"closed","template":"","meta":[],"product_brand":[],"product_cat":[40],"product_tag":[],"class_list":{"0":"post-1431","1":"product","2":"type-product","3":"status-publish","4":"has-post-thumbnail","6":"product_cat-gruppenfahrten","7":"product_shipping_class-kostenloser-versand","9":"first","10":"outofstock","11":"shipping-taxable","12":"purchasable","13":"product-type-variable"},"_links":{"self":[{"href":"https:\/\/home.onwheels.de\/index.php?rest_route=\/wp\/v2\/product\/1431","targetHints":{"allow":["GET"]}}],"collection":[{"href":"https:\/\/home.onwheels.de\/index.php?rest_route=\/wp\/v2\/product"}],"about":[{"href":"https:\/\/home.onwheels.de\/index.php?rest_route=\/wp\/v2\/types\/product"}],"replies":[{"embeddable":true,"href":"https:\/\/home.onwheels.de\/index.php?rest_route=%2Fwp%2Fv2%2Fcomments&post=1431"}],"wp:featuredmedia":[{"embeddable":true,"href":"https:\/\/home.onwheels.de\/index.php?rest_route=\/wp\/v2\/media\/1436"}],"wp:attachment":[{"href":"https:\/\/home.onwheels.de\/index.php?rest_route=%2Fwp%2Fv2%2Fmedia&parent=1431"}],"wp:term":[{"taxonomy":"product_brand","embeddable":true,"href":"https:\/\/home.onwheels.de\/index.php?rest_route=%2Fwp%2Fv2%2Fproduct_brand&post=1431"},{"taxonomy":"product_cat","embeddable":true,"href":"https:\/\/home.onwheels.de\/index.php?rest_route=%2Fwp%2Fv2%2Fproduct_cat&post=1431"},{"taxonomy":"product_tag","embeddable":true,"href":"https:\/\/home.onwheels.de\/index.php?rest_route=%2Fwp%2Fv2%2Fproduct_tag&post=1431"}],"curies":[{"name":"wp","href":"https:\/\/api.w.org\/{rel}","templated":true}]}}