{"id":1680,"date":"2025-09-10T10:52:39","date_gmt":"2025-09-10T08:52:39","guid":{"rendered":"https:\/\/home.onwheels.de\/?post_type=product&#038;p=1680"},"modified":"2025-11-02T21:00:44","modified_gmt":"2025-11-02T19:00:44","slug":"kalender-2026","status":"publish","type":"product","link":"https:\/\/home.onwheels.de\/?product=kalender-2026","title":{"rendered":"Kalender 2026"},"content":{"rendered":"<h4><strong>Fotokalender 2026<\/strong><\/h4>\n<p style=\"margin: 0cm 3.75pt .0001pt 0cm;\"><strong>Bahnnostalgie mit OnWheels erleben<\/strong><\/p>\n<p style=\"margin: 0cm 3.75pt 0cm 0cm;\">Der neue Kalender der Eisenbahnfreunde OnWheels ist jetzt verf\u00fcgbar. Die Eisenbahnfreunde bieten ihren beliebten gro\u00dfformatigen Fotokalender f\u00fcr das Jahr 2026 an. Er steht unter dem Motto \u201eBahnnostalgie \u2013 mit OnWheels erleben\u201c und zeigt historische Lokomotiven und Z\u00fcge in eindrucksvoller Landschaft, die von den Eisenbahnfreunden als Sonderfahrt organisiert oder im Rahmen von Gruppen- oder Ausflugstouren besucht wurden. Die Bilderreise f\u00fchrt nicht nur durch Deutschland, sondern auch nach \u00d6sterreich und Spanien.<br \/>\nAufgrund der Sondergr\u00f6\u00dfe berechnen wir f\u00fcr den Kalender \u20ac4 Versand<\/p>\n<p style=\"margin: 0cm 3.75pt 0cm 0cm;\">Es gibt den Kalender auch in den Gesch\u00e4ftsstellen der Dorstener und Halterner Zeitung und weiteren Verkaufsstellen f\u00fcr \u20ac12.<\/p>\n<p>Weitere Verkaufsstellen:<br \/>\nstadtinfo Dorsten, Lippestra\u00dfe 41, 46282 Dorsten<\/p>\n","protected":false},"excerpt":{"rendered":"<p>Fotokalender 2026 Bahnnostalgie mit OnWheels erleben Der neue Kalender der Eisenbahnfreunde OnWheels ist jetzt verf\u00fcgbar. Die Eisenbahnfreunde bieten ihren beliebten gro\u00dfformatigen Fotokalender f\u00fcr das Jahr 2026 an. Er steht unter dem Motto \u201eBahnnostalgie \u2013 mit OnWheels erleben\u201c und zeigt historische&hellip; <\/p>\n","protected":false},"featured_media":1682,"comment_status":"open","ping_status":"closed","template":"","meta":[],"product_brand":[],"product_cat":[18],"product_tag":[48],"class_list":{"0":"post-1680","1":"product","2":"type-product","3":"status-publish","4":"has-post-thumbnail","6":"product_cat-produkte","7":"product_tag-kalender","8":"product_shipping_class-sondergroesse-kalender","10":"first","11":"instock","12":"shipping-taxable","13":"purchasable","14":"product-type-simple"},"_links":{"self":[{"href":"https:\/\/home.onwheels.de\/index.php?rest_route=\/wp\/v2\/product\/1680","targetHints":{"allow":["GET"]}}],"collection":[{"href":"https:\/\/home.onwheels.de\/index.php?rest_route=\/wp\/v2\/product"}],"about":[{"href":"https:\/\/home.onwheels.de\/index.php?rest_route=\/wp\/v2\/types\/product"}],"replies":[{"embeddable":true,"href":"https:\/\/home.onwheels.de\/index.php?rest_route=%2Fwp%2Fv2%2Fcomments&post=1680"}],"wp:featuredmedia":[{"embeddable":true,"href":"https:\/\/home.onwheels.de\/index.php?rest_route=\/wp\/v2\/media\/1682"}],"wp:attachment":[{"href":"https:\/\/home.onwheels.de\/index.php?rest_route=%2Fwp%2Fv2%2Fmedia&parent=1680"}],"wp:term":[{"taxonomy":"product_brand","embeddable":true,"href":"https:\/\/home.onwheels.de\/index.php?rest_route=%2Fwp%2Fv2%2Fproduct_brand&post=1680"},{"taxonomy":"product_cat","embeddable":true,"href":"https:\/\/home.onwheels.de\/index.php?rest_route=%2Fwp%2Fv2%2Fproduct_cat&post=1680"},{"taxonomy":"product_tag","embeddable":true,"href":"https:\/\/home.onwheels.de\/index.php?rest_route=%2Fwp%2Fv2%2Fproduct_tag&post=1680"}],"curies":[{"name":"wp","href":"https:\/\/api.w.org\/{rel}","templated":true}]}}